{"id":447,"date":"2019-07-02T00:52:17","date_gmt":"2019-07-01T22:52:17","guid":{"rendered":"https:\/\/losmores.es\/?post_type=product&#038;p=447"},"modified":"2019-10-21T19:45:56","modified_gmt":"2019-10-21T17:45:56","slug":"los-mores-seleccion-especial-cosecha-2014","status":"publish","type":"product","link":"https:\/\/losmores.es\/en\/product\/los-mores-seleccion-especial-cosecha-2014\/","title":{"rendered":"Los Mores Special Selection"},"content":{"rendered":"<p>[et_pb_section fb_built=\u00bb1&#8243; _builder_version=\u00bb3.29.3&#8243; fb_built=\u00bb1&#8243; _i=\u00bb0&#8243; _address=\u00bb0&#8243;][et_pb_row _builder_version=\u00bb3.29.3&#8243; _i=\u00bb0&#8243; _address=\u00bb0.0&#8243;][et_pb_column type=\u00bb4_4&#8243; _builder_version=\u00bb3.29.3&#8243; _i=\u00bb0&#8243; _address=\u00bb0.0.0&#8243;][et_pb_text _builder_version=\u00bb3.29.3&#8243; hover_enabled=\u00bb0&#8243;]<\/p>\n<ul>\n<li>Denominaci\u00f3n de origen: DOQ Priorat<\/li>\n<li>Tipolog\u00eda: vino tinto<\/li>\n<li>Variedades: Garnacha 60%, Cari\u00f1era 40%<\/li>\n<li>Graduaci\u00f3n: 14% vol<\/li>\n<li>A\u00f1ada: 2014<\/li>\n<li>En\u00f3logo: Jordi Torrella<\/li>\n<li>Crianza: 14 meses en barrica de roble franc\u00e9s<\/li>\n<li>Tap\u00f3n: corcho natural<\/li>\n<li>Producci\u00f3n limitada a 1.000 botellas<\/li>\n<li><strong>Venta exclusiva en USA<\/strong><\/li>\n<\/ul>\n<p>[\/et_pb_text][\/et_pb_column][\/et_pb_row][\/et_pb_section]<\/p>\n","protected":false},"excerpt":{"rendered":"<p>Our select wine production has the expression of an authentic Priorat wine. In each harvest we seek to highlight the virtues of such an extraordinary region. We combine, thus, the wealth of thousands of years of history of winemaking in the Priorat with the intense history of Los Mores.<\/p>","protected":false},"featured_media":26843,"template":"","meta":{"_et_pb_use_builder":"on","_et_pb_old_content":"VITICULTURA\r\nUva procedente \u00fanicamente de la finca de Mas den More, vi\u00f1edos de terrazas de pizarra (llicorella) con orientaci\u00f3n sudeste. Vendimia manual en cajas de 10-15 kg. Despu\u00e9s de la primera selecci\u00f3n se desraspa y se realiza una segunda selecci\u00f3n grano a grano. Elaboraci\u00f3n separada por variedades.\r\n\r\nVINIFICACI\u00d3N\r\nMaceraci\u00f3n previa en fr\u00edo de la uva durante 24 horas. Fermentaci\u00f3n larga de 20 a 24 d\u00edas con \u201cpegeage\u201d manual diario con levaduras aut\u00f3ctonas. Crianza de 12 meses en barrica de roble franc\u00e9s (Q. Petrea) de 225 litros, de grano fino y tostado medio-ligero.\r\nEmbotellado: Un a\u00f1o en botella para conseguir el punto \u00f3ptimo de maduraci\u00f3n.","_et_gb_content_width":""},"product_brand":[],"product_cat":[18],"product_tag":[],"class_list":{"0":"post-447","1":"product","2":"type-product","3":"status-publish","4":"has-post-thumbnail","6":"product_cat-vinos","8":"first","9":"instock","10":"shipping-taxable","11":"product-type-simple"},"jetpack_sharing_enabled":true,"_links":{"self":[{"href":"https:\/\/losmores.es\/en\/wp-json\/wp\/v2\/product\/447","targetHints":{"allow":["GET"]}}],"collection":[{"href":"https:\/\/losmores.es\/en\/wp-json\/wp\/v2\/product"}],"about":[{"href":"https:\/\/losmores.es\/en\/wp-json\/wp\/v2\/types\/product"}],"wp:featuredmedia":[{"embeddable":true,"href":"https:\/\/losmores.es\/en\/wp-json\/wp\/v2\/media\/26843"}],"wp:attachment":[{"href":"https:\/\/losmores.es\/en\/wp-json\/wp\/v2\/media?parent=447"}],"wp:term":[{"taxonomy":"product_brand","embeddable":true,"href":"https:\/\/losmores.es\/en\/wp-json\/wp\/v2\/product_brand?post=447"},{"taxonomy":"product_cat","embeddable":true,"href":"https:\/\/losmores.es\/en\/wp-json\/wp\/v2\/product_cat?post=447"},{"taxonomy":"product_tag","embeddable":true,"href":"https:\/\/losmores.es\/en\/wp-json\/wp\/v2\/product_tag?post=447"}],"curies":[{"name":"wp","href":"https:\/\/api.w.org\/{rel}","templated":true}]}}