{"id":443,"date":"2019-07-02T00:43:15","date_gmt":"2019-07-01T22:43:15","guid":{"rendered":"https:\/\/losmores.es\/?post_type=product&#038;p=443"},"modified":"2022-05-31T08:43:49","modified_gmt":"2022-05-31T06:43:49","slug":"los-mores-cosecha-2014","status":"publish","type":"product","link":"https:\/\/losmores.es\/en\/product\/los-mores-cosecha-2014\/","title":{"rendered":"Los Mores Vintage 2014"},"content":{"rendered":"<div class=\"et_pb_woopro_description et_pb_module et_pb_woopro_description_0\">VITICULTURE<br \/>\nOur grapes come exclusivly from Mas den More vinyard, old vinyard growing on slate soils called  \u201clicorella\u201d . Our control  porcess is manually, taking samples and analyzin each one of the vines.<\/div>\n<div class=\"et_pb_woopro_description et_pb_module et_pb_woopro_description_0\">\n<p>VINIFICATION<br \/>\nLong fermentation of 20 to 24 days with native yeasts and daily manual pegeage. Aged for 12 months in French oak barrels (Q. Petrea) of 225 liters, of fine grain and medium-light roasting.<br \/>\nBottling: One year in the bottle to achieve the optimum ripening point.<\/p>\n<\/div>","protected":false},"excerpt":{"rendered":"<p>Our select wine production has the expression of an authentic Priorat wine. In each harvest we seek to highlight the virtues of such an extraordinary region. We combine, thus, the wealth of thousands of years of history of winemaking in the Priorat with the intense history of Los Mores.<br \/>\n<br \/>\n\u2013 Denominaci\u00f3n de Origen: DOQ Priorat<br \/>\n\u2013 Tipolog\u00eda: Vino rojo<br \/>\n\u2013 Variedades: Garnacha 60%, Mazuelo 30% y Cabernet Franc 10%<br \/>\n\u2013 Cosecha: 2014<br \/>\n\u2013 Graduaci\u00f3n. 14.5% vol.<br \/>\n\u2013 En\u00f3logo: Jordi Torrella<br \/>\n\u2013 Crianza: 12 meses en barrica de roble franc\u00e9s<br \/>\n\u2013 Tap\u00f3n: corcho natural<br \/>\n\u2013 Producci\u00f3n: limitada a 5,300 botellas<\/p>","protected":false},"featured_media":26840,"template":"","meta":{"_et_pb_use_builder":"off","_et_pb_old_content":"<div class=\"et_pb_woopro_description et_pb_module et_pb_woopro_description_0\">VITICULTURA\r\nUva procedente \u00fanicamente de la finca de Mas den More, vi\u00f1edos de terrazas de pizarra (llicorella) con orientaci\u00f3n sudeste. Vendimia manual en cajas de 10-15 kg. Despu\u00e9s de la primera selecci\u00f3n se desraspa y se realiza una segunda selecci\u00f3n grano a grano. Elaboraci\u00f3n separada por variedades.\r\n\r\n\r\nVINIFICACI\u00d3N\r\nMaceraci\u00f3n previa en fr\u00edo de la uva durante 24 horas. Fermentaci\u00f3n larga de 20 a 24 d\u00edas con \u201cpegeage\u201d manual diario con levaduras aut\u00f3ctonas. Crianza de 12 meses en barrica de roble franc\u00e9s (Q. Petrea) de 225 litros, de grano fino y tostado medio-ligero.\r\nEmbotellado: Un a\u00f1o en botella para conseguir el punto \u00f3ptimo de maduraci\u00f3n.<\/div>","_et_gb_content_width":""},"product_brand":[],"product_cat":[18],"product_tag":[],"class_list":{"0":"post-443","1":"product","2":"type-product","3":"status-publish","4":"has-post-thumbnail","6":"product_cat-vinos","8":"first","9":"instock","10":"shipping-taxable","11":"purchasable","12":"product-type-simple"},"jetpack_sharing_enabled":true,"_links":{"self":[{"href":"https:\/\/losmores.es\/en\/wp-json\/wp\/v2\/product\/443","targetHints":{"allow":["GET"]}}],"collection":[{"href":"https:\/\/losmores.es\/en\/wp-json\/wp\/v2\/product"}],"about":[{"href":"https:\/\/losmores.es\/en\/wp-json\/wp\/v2\/types\/product"}],"wp:featuredmedia":[{"embeddable":true,"href":"https:\/\/losmores.es\/en\/wp-json\/wp\/v2\/media\/26840"}],"wp:attachment":[{"href":"https:\/\/losmores.es\/en\/wp-json\/wp\/v2\/media?parent=443"}],"wp:term":[{"taxonomy":"product_brand","embeddable":true,"href":"https:\/\/losmores.es\/en\/wp-json\/wp\/v2\/product_brand?post=443"},{"taxonomy":"product_cat","embeddable":true,"href":"https:\/\/losmores.es\/en\/wp-json\/wp\/v2\/product_cat?post=443"},{"taxonomy":"product_tag","embeddable":true,"href":"https:\/\/losmores.es\/en\/wp-json\/wp\/v2\/product_tag?post=443"}],"curies":[{"name":"wp","href":"https:\/\/api.w.org\/{rel}","templated":true}]}}