{"id":42171,"date":"2022-05-31T05:42:42","date_gmt":"2022-05-31T03:42:42","guid":{"rendered":"https:\/\/losmores.es\/?post_type=product&#038;p=42171"},"modified":"2022-05-31T08:44:30","modified_gmt":"2022-05-31T06:44:30","slug":"wine-box-2x","status":"publish","type":"product","link":"https:\/\/losmores.es\/en\/product\/wine-box-2x\/","title":{"rendered":"WINE BOX 2X"},"content":{"rendered":"<p>[et_pb_section fb_built=\u00bb1&#8243; _builder_version=\u00bb4.17.4&#8243; collapsed=\u00bboff\u00bb global_colors_info=\u00bb{}\u00bb][et_pb_row _builder_version=\u00bb4.17.4&#8243; global_colors_info=\u00bb{}\u00bb][et_pb_column type=\u00bb4_4&#8243; _builder_version=\u00bb4.17.4&#8243; global_colors_info=\u00bb{}\u00bb][et_pb_text _builder_version=\u00bb4.17.4&#8243; global_colors_info=\u00bb{}\u00bb]<\/p>\n<ul>\n<li>Denominaci\u00f3n de origen: DOQ Priorat<\/li>\n<li>Tipolog\u00eda: vino tinto<\/li>\n<li>Variedades: Garnacha 60%, Cari\u00f1era 40%<\/li>\n<li>Graduaci\u00f3n: 14% vol<\/li>\n<li>A\u00f1ada: 2014<\/li>\n<li>En\u00f3logo: Jordi Torrella<\/li>\n<li>Crianza: 14 meses en barrica de roble franc\u00e9s<\/li>\n<li>Tap\u00f3n: corcho natural<\/li>\n<\/ul>\n<p>[\/et_pb_text][\/et_pb_column][\/et_pb_row][\/et_pb_section]<\/p>\n","protected":false},"excerpt":{"rendered":"<p><strong>1 botella 2013 y 1 botella 2014.<\/strong><br \/>\n<br \/>\nOur select wine production has the expression of an authentic Priorat wine. In each harvest we seek to highlight the virtues of such an extraordinary region. We combine, thus, the wealth of thousands of years of history of winemaking in the Priorat with the intense history of Los Mores.<br \/>\n<br \/>\n\u2013 Denominaci\u00f3n de Origen: DOQ Priorat<br \/>\n\u2013 Tipolog\u00eda: Vino rojo<br \/>\n\u2013 Variedades: Garnacha 60%, Mazuelo 30% y Cabernet Franc 10%<br \/>\n\u2013 Cosecha: 2013 y 2014<br \/>\n\u2013 Graduaci\u00f3n. 14.5% vol.<br \/>\n\u2013 En\u00f3logo: Jordi Torrella<br \/>\n\u2013 Crianza: 12 meses en barrica de roble franc\u00e9s<br \/>\n\u2013 Tap\u00f3n: corcho natural<\/p>","protected":false},"featured_media":42179,"template":"","meta":{"_et_pb_use_builder":"on","_et_pb_old_content":"VITICULTURA\r\nUva procedente \u00fanicamente de la finca de Mas den More, vi\u00f1edos de terrazas de pizarra (llicorella) con orientaci\u00f3n sudeste. Vendimia manual en cajas de 10-15 kg. Despu\u00e9s de la primera selecci\u00f3n se desraspa y se realiza una segunda selecci\u00f3n grano a grano. Elaboraci\u00f3n separada por variedades.\r\n\r\nVINIFICACI\u00d3N\r\nMaceraci\u00f3n previa en fr\u00edo de la uva durante 24 horas. Fermentaci\u00f3n larga de 20 a 24 d\u00edas con \u201cpegeage\u201d manual diario con levaduras aut\u00f3ctonas. Crianza de 12 meses en barrica de roble franc\u00e9s (Q. Petrea) de 225 litros, de grano fino y tostado medio-ligero.\r\nEmbotellado: Un a\u00f1o en botella para conseguir el punto \u00f3ptimo de maduraci\u00f3n.","_et_gb_content_width":""},"product_brand":[],"product_cat":[18],"product_tag":[],"class_list":{"0":"post-42171","1":"product","2":"type-product","3":"status-publish","4":"has-post-thumbnail","6":"product_cat-vinos","7":"product_shipping_class-winbox","9":"first","10":"instock","11":"shipping-taxable","12":"purchasable","13":"product-type-simple"},"jetpack_sharing_enabled":true,"_links":{"self":[{"href":"https:\/\/losmores.es\/en\/wp-json\/wp\/v2\/product\/42171","targetHints":{"allow":["GET"]}}],"collection":[{"href":"https:\/\/losmores.es\/en\/wp-json\/wp\/v2\/product"}],"about":[{"href":"https:\/\/losmores.es\/en\/wp-json\/wp\/v2\/types\/product"}],"wp:featuredmedia":[{"embeddable":true,"href":"https:\/\/losmores.es\/en\/wp-json\/wp\/v2\/media\/42179"}],"wp:attachment":[{"href":"https:\/\/losmores.es\/en\/wp-json\/wp\/v2\/media?parent=42171"}],"wp:term":[{"taxonomy":"product_brand","embeddable":true,"href":"https:\/\/losmores.es\/en\/wp-json\/wp\/v2\/product_brand?post=42171"},{"taxonomy":"product_cat","embeddable":true,"href":"https:\/\/losmores.es\/en\/wp-json\/wp\/v2\/product_cat?post=42171"},{"taxonomy":"product_tag","embeddable":true,"href":"https:\/\/losmores.es\/en\/wp-json\/wp\/v2\/product_tag?post=42171"}],"curies":[{"name":"wp","href":"https:\/\/api.w.org\/{rel}","templated":true}]}}