{"id":27768,"date":"2019-08-17T16:47:24","date_gmt":"2019-08-17T14:47:24","guid":{"rendered":"https:\/\/losmores.es\/?page_id=27768"},"modified":"2022-06-09T03:57:50","modified_gmt":"2022-06-09T01:57:50","slug":"contactar","status":"publish","type":"page","link":"https:\/\/losmores.es\/en\/contactar\/","title":{"rendered":"Contactar"},"content":{"rendered":"<p>[et_pb_section fb_built=\u00bb1&#8243; custom_padding_last_edited=\u00bbon|phone\u00bb disabled_on=\u00bboff|off|off\u00bb _builder_version=\u00bb4.16&#8243; background_color_gradient_direction=\u00bb133deg\u00bb background_image=\u00bbhttps:\/\/losmores.es\/wp-content\/uploads\/2019\/10\/9-Los-Mores-Artisticas-BOIX_-copia-min.jpg\u00bb min_height=\u00bb350px\u00bb min_height_tablet=\u00bb\u00bb min_height_phone=\u00bb200px\u00bb min_height_last_edited=\u00bbon|phone\u00bb height=\u00bb350px\u00bb height_tablet=\u00bb\u00bb height_phone=\u00bb200px\u00bb height_last_edited=\u00bbon|phone\u00bb max_height=\u00bb350px\u00bb max_height_tablet=\u00bb\u00bb max_height_phone=\u00bb200px\u00bb max_height_last_edited=\u00bbon|phone\u00bb custom_margin_tablet=\u00bb\u00bb custom_margin_phone=\u00bb0px||||false|false\u00bb custom_margin_last_edited=\u00bbon|phone\u00bb custom_padding_tablet=\u00bb\u00bb custom_padding_phone=\u00bb100px||0px||false|false\u00bb background_last_edited=\u00bbon|phone\u00bb background_image_tablet=\u00bbhttps:\/\/losmores.es\/wp-content\/uploads\/2019\/10\/9-Los-Mores-Artisticas-BOIX_-copia-min.jpg\u00bb background_image_phone=\u00bbhttps:\/\/losmores.es\/wp-content\/uploads\/2019\/10\/9-Los-Mores-Artisticas-BOIX_-copia-min.jpg\u00bb background_enable_image_tablet=\u00bbon\u00bb background_enable_image_phone=\u00bbon\u00bb collapsed=\u00bboff\u00bb global_colors_info=\u00bb{}\u00bb height__hover_enabled=\u00bboff\u00bb][et_pb_row custom_padding_last_edited=\u00bbon|phone\u00bb _builder_version=\u00bb4.16&#8243; custom_margin=\u00bb20px||||false|false\u00bb custom_margin_tablet=\u00bb\u00bb custom_margin_phone=\u00bb0px||||false|false\u00bb custom_margin_last_edited=\u00bbon|phone\u00bb custom_padding=\u00bb||||false|false\u00bb custom_padding_tablet=\u00bb\u00bb custom_padding_phone=\u00bb0px||0px||false|false\u00bb collapsed=\u00bboff\u00bb global_colors_info=\u00bb{}\u00bb][et_pb_column type=\u00bb4_4&#8243; _builder_version=\u00bb4.16&#8243; global_colors_info=\u00bb{}\u00bb][et_pb_text _builder_version=\u00bb4.16&#8243; text_font=\u00bbParaType BT||||||||\u00bb text_text_color=\u00bb#ffffff\u00bb text_font_size=\u00bb40px\u00bb text_orientation=\u00bbcenter\u00bb custom_margin=\u00bb0px||||false|false\u00bb custom_margin_tablet=\u00bb\u00bb custom_margin_phone=\u00bb-100px||||false|false\u00bb custom_margin_last_edited=\u00bbon|phone\u00bb custom_padding=\u00bb0px||||false|false\u00bb custom_padding_tablet=\u00bb\u00bb custom_padding_phone=\u00bb||0px||false|false\u00bb custom_padding_last_edited=\u00bbon|phone\u00bb text_text_shadow_style=\u00bbpreset1&#8243; text_text_align=\u00bbcenter\u00bb global_colors_info=\u00bb{}\u00bb]<\/p>\n<p>Contacto<\/p>\n<p>[\/et_pb_text][\/et_pb_column][\/et_pb_row][\/et_pb_section][et_pb_section fb_built=\u00bb1&#8243; _builder_version=\u00bb4.16&#8243; custom_margin=\u00bb||||false|false\u00bb custom_padding=\u00bb45px||45px||false|false\u00bb collapsed=\u00bboff\u00bb global_colors_info=\u00bb{}\u00bb][et_pb_row column_structure=\u00bb1_2,1_2&#8243; _builder_version=\u00bb4.16&#8243; custom_margin=\u00bb||0px||false|false\u00bb custom_padding=\u00bb||0px||false|false\u00bb global_colors_info=\u00bb{}\u00bb][et_pb_column type=\u00bb1_2&#8243; _builder_version=\u00bb4.16&#8243; global_colors_info=\u00bb{}\u00bb][et_pb_text content_last_edited=\u00bboff|desktop\u00bb disabled_on=\u00bbon|on|off\u00bb _builder_version=\u00bb4.17.4&#8243; text_font=\u00bbParaType BT||||||||\u00bb text_font_size=\u00bb16px\u00bb hover_enabled=\u00bb0&#8243; global_colors_info=\u00bb{}\u00bb sticky_enabled=\u00bb0&#8243;]<\/p>\n<p><img loading=\"lazy\" decoding=\"async\" src=\"https:\/\/losmores.es\/wp-content\/uploads\/2019\/10\/foto-de-contacto.png\" width=\"235\" height=\"298\" alt=\"\" class=\"wp-image-29649 alignnone size-full\" style=\"float: left; margin-right: 20px; border-radius: 10px 10px 10px 10px; -moz-border-radius: 10px 10px 10px 10px; -webkit-border-radius: 10px 10px 10px 10px; border: 0px solid #000000;\" \/><strong>ANA VELASCO OCHOA<\/strong><br \/>Direcci\u00f3n.<br \/>Licenciada en Ciencias de La Comunicaci\u00f3n<\/p>\n<p>Ama su trabajo y el proyecto Los Mores. Seguidora del sue\u00f1o, como un hilo conductor entre los fundadores y las siguientes generaciones.<\/p>\n<p>&nbsp;<\/p>\n<p>&nbsp;<\/p>\n<p>Contacto:<br \/>info@losmores.es<br \/>M\u00f3vil y\u00a0 WhatsApp<br \/>+52 (312) 122 7064<\/p>\n<p style=\"font-size: 10px;\">[\/et_pb_text][et_pb_text content_tablet=\u00bb\u00bb content_phone=\u00bb<\/p>\n<p><img src=%22https:\/\/losmores.es\/wp-content\/uploads\/2019\/10\/foto-de-contacto.png%22 width=%22235%22 height=%22298%22 alt=%22%22 class=%22wp-image-29649 align=%22center%22 size-full%22 style=%22float: left; margin-right: 20px; border-radius: 10px 10px 10px 10px; -moz-border-radius: 10px 10px 10px 10px; -webkit-border-radius: 10px 10px 10px 10px; border: 0px solid #000000;%22 \/><strong><\/p>\n<div style=%22clear: both; margin-bottom:10px;%22><\/div>\n<p>ANA VELASCO OCHOA<\/strong><br \/> Comercializaci\u00f3n y Direcci\u00f3n.<br \/>administracion@losmores.es<br \/>+52 (312) 122 7064<\/p>\n<p>Ama su trabajo y el proyecto Los Mores. Seguidora del sue\u00f1o, como un hilo conductor entre los fundadores y las siguientes generaciones.<\/p>\n<p>\u00bb content_last_edited=\u00bbon|phone\u00bb disabled_on=\u00bboff|on|on\u00bb _builder_version=\u00bb4.17.4&#8243; text_font=\u00bbParaType BT||||||||\u00bb text_font_size=\u00bb18px\u00bb custom_padding=\u00bb||0px|||\u00bb hover_enabled=\u00bb0&#8243; global_colors_info=\u00bb{}\u00bb sticky_enabled=\u00bb0&#8243;]<\/p>\n<p><img loading=\"lazy\" decoding=\"async\" src=\"https:\/\/losmores.es\/wp-content\/uploads\/2019\/10\/20190422_123247.jpg\" width=\"235\" height=\"298\" alt=\"\" class=\"wp-image-29649 alignnone size-full\" style=\"float: left; margin-right: 20px; border-radius: 10px 10px 10px 10px; -moz-border-radius: 10px 10px 10px 10px; -webkit-border-radius: 10px 10px 10px 10px; border: 0px solid #000000;\" \/><strong><\/strong><\/p>\n<div style=\"clear: both; margin-bottom: 10px;\"><\/div>\n<p>ANA VELASCO OCHOA<br \/>Comercializaci\u00f3n y Direcci\u00f3n.<\/p>\n<p>Ama su trabajo y el proyecto Los Mores. Seguidora del sue\u00f1o, como un hilo conductor entre los fundadores y las siguientes generaciones.<\/p>\n<p>[\/et_pb_text][\/et_pb_column][et_pb_column type=\u00bb1_2&#8243; _builder_version=\u00bb4.16&#8243; global_colors_info=\u00bb{}\u00bb][et_pb_text _builder_version=\u00bb4.16&#8243; text_font=\u00bbParaType BT||||||||\u00bb text_font_size=\u00bb24px\u00bb global_colors_info=\u00bb{}\u00bb]Formulario de Contacto[\/et_pb_text][et_pb_contact_form captcha=\u00bboff\u00bb email=\u00bbadministrador@losmores.es\u00bb success_message=\u00bbGracias por escribirnos, en breve nos pondremos en contacto.\u00bb _builder_version=\u00bb4.16&#8243; _unique_id=\u00bb548022da-bd9e-4124-8233-efe4d2e8b58a\u00bb global_colors_info=\u00bb{}\u00bb][et_pb_contact_field field_id=\u00bbName\u00bb field_title=\u00bbNombre\u00bb _builder_version=\u00bb4.16&#8243; global_colors_info=\u00bb{}\u00bb button_text_size__hover_enabled=\u00bboff\u00bb button_one_text_size__hover_enabled=\u00bboff\u00bb button_two_text_size__hover_enabled=\u00bboff\u00bb button_text_color__hover_enabled=\u00bboff\u00bb button_one_text_color__hover_enabled=\u00bboff\u00bb button_two_text_color__hover_enabled=\u00bboff\u00bb button_border_width__hover_enabled=\u00bboff\u00bb button_one_border_width__hover_enabled=\u00bboff\u00bb button_two_border_width__hover_enabled=\u00bboff\u00bb button_border_color__hover_enabled=\u00bboff\u00bb button_one_border_color__hover_enabled=\u00bboff\u00bb button_two_border_color__hover_enabled=\u00bboff\u00bb button_border_radius__hover_enabled=\u00bboff\u00bb button_one_border_radius__hover_enabled=\u00bboff\u00bb button_two_border_radius__hover_enabled=\u00bboff\u00bb button_letter_spacing__hover_enabled=\u00bboff\u00bb button_one_letter_spacing__hover_enabled=\u00bboff\u00bb button_two_letter_spacing__hover_enabled=\u00bboff\u00bb button_bg_color__hover_enabled=\u00bboff\u00bb button_one_bg_color__hover_enabled=\u00bboff\u00bb button_two_bg_color__hover_enabled=\u00bboff\u00bb][\/et_pb_contact_field][et_pb_contact_field field_id=\u00bbEmail\u00bb field_title=\u00bbDirecci\u00f3n de correo electr\u00f3nico\u00bb field_type=\u00bbemail\u00bb _builder_version=\u00bb4.16&#8243; global_colors_info=\u00bb{}\u00bb button_text_size__hover_enabled=\u00bboff\u00bb button_one_text_size__hover_enabled=\u00bboff\u00bb button_two_text_size__hover_enabled=\u00bboff\u00bb button_text_color__hover_enabled=\u00bboff\u00bb button_one_text_color__hover_enabled=\u00bboff\u00bb button_two_text_color__hover_enabled=\u00bboff\u00bb button_border_width__hover_enabled=\u00bboff\u00bb button_one_border_width__hover_enabled=\u00bboff\u00bb button_two_border_width__hover_enabled=\u00bboff\u00bb button_border_color__hover_enabled=\u00bboff\u00bb button_one_border_color__hover_enabled=\u00bboff\u00bb button_two_border_color__hover_enabled=\u00bboff\u00bb button_border_radius__hover_enabled=\u00bboff\u00bb button_one_border_radius__hover_enabled=\u00bboff\u00bb button_two_border_radius__hover_enabled=\u00bboff\u00bb button_letter_spacing__hover_enabled=\u00bboff\u00bb button_one_letter_spacing__hover_enabled=\u00bboff\u00bb button_two_letter_spacing__hover_enabled=\u00bboff\u00bb button_bg_color__hover_enabled=\u00bboff\u00bb button_one_bg_color__hover_enabled=\u00bboff\u00bb button_two_bg_color__hover_enabled=\u00bboff\u00bb][\/et_pb_contact_field][et_pb_contact_field field_id=\u00bbMessage\u00bb field_title=\u00bbMensaje\u00bb field_type=\u00bbtext\u00bb fullwidth_field=\u00bbon\u00bb _builder_version=\u00bb4.16&#8243; global_colors_info=\u00bb{}\u00bb button_text_size__hover_enabled=\u00bboff\u00bb button_one_text_size__hover_enabled=\u00bboff\u00bb button_two_text_size__hover_enabled=\u00bboff\u00bb button_text_color__hover_enabled=\u00bboff\u00bb button_one_text_color__hover_enabled=\u00bboff\u00bb button_two_text_color__hover_enabled=\u00bboff\u00bb button_border_width__hover_enabled=\u00bboff\u00bb button_one_border_width__hover_enabled=\u00bboff\u00bb button_two_border_width__hover_enabled=\u00bboff\u00bb button_border_color__hover_enabled=\u00bboff\u00bb button_one_border_color__hover_enabled=\u00bboff\u00bb button_two_border_color__hover_enabled=\u00bboff\u00bb button_border_radius__hover_enabled=\u00bboff\u00bb button_one_border_radius__hover_enabled=\u00bboff\u00bb button_two_border_radius__hover_enabled=\u00bboff\u00bb button_letter_spacing__hover_enabled=\u00bboff\u00bb button_one_letter_spacing__hover_enabled=\u00bboff\u00bb button_two_letter_spacing__hover_enabled=\u00bboff\u00bb button_bg_color__hover_enabled=\u00bboff\u00bb button_one_bg_color__hover_enabled=\u00bboff\u00bb button_two_bg_color__hover_enabled=\u00bboff\u00bb][\/et_pb_contact_field][\/et_pb_contact_form][\/et_pb_column][\/et_pb_row][et_pb_row _builder_version=\u00bb4.17.4&#8243; _module_preset=\u00bbdefault\u00bb column_structure=\u00bb1_2,1_2&#8243;][et_pb_column _builder_version=\u00bb4.17.4&#8243; _module_preset=\u00bbdefault\u00bb type=\u00bb1_2&#8243;][et_pb_icon _builder_version=\u00bb4.17.4&#8243; _module_preset=\u00bbdefault\u00bb font_icon=\u00bb&#xe0c8;||divi||400&#8243; url=\u00bbhttps:\/\/www.instagram.com\/losmores.vinos\/\u00bb url_new_window=\u00bbon\u00bb hover_enabled=\u00bb0&#8243; sticky_enabled=\u00bb0&#8243; icon_width=\u00bb24px\u00bb align=\u00bbright\u00bb][\/et_pb_icon][\/et_pb_column][et_pb_column _builder_version=\u00bb4.17.4&#8243; _module_preset=\u00bbdefault\u00bb type=\u00bb1_2&#8243;][et_pb_icon _builder_version=\u00bb4.17.4&#8243; _module_preset=\u00bbdefault\u00bb font_icon=\u00bb&#xf09a;||fa||400&#8243; url=\u00bbhttps:\/\/www.facebook.com\/LosMoresVino\u00bb url_new_window=\u00bbon\u00bb hover_enabled=\u00bb0&#8243; sticky_enabled=\u00bb0&#8243; icon_width=\u00bb24px\u00bb align=\u00bbleft\u00bb][\/et_pb_icon][\/et_pb_column][\/et_pb_row][et_pb_row _builder_version=\u00bb4.17.4&#8243; _module_preset=\u00bbdefault\u00bb column_structure=\u00bb1_2,1_2&#8243; hover_enabled=\u00bb0&#8243; sticky_enabled=\u00bb0&#8243;][et_pb_column _builder_version=\u00bb4.17.4&#8243; _module_preset=\u00bbdefault\u00bb type=\u00bb1_2&#8243; hover_enabled=\u00bb0&#8243; sticky_enabled=\u00bb0&#8243;][\/et_pb_column][et_pb_column _builder_version=\u00bb4.17.4&#8243; _module_preset=\u00bbdefault\u00bb type=\u00bb1_2&#8243;][\/et_pb_column][\/et_pb_row][et_pb_row _builder_version=\u00bb4.16&#8243; custom_margin=\u00bb0px||0px||false|false\u00bb custom_padding=\u00bb0px||0px||false|false\u00bb global_colors_info=\u00bb{}\u00bb][et_pb_column type=\u00bb4_4&#8243; _builder_version=\u00bb4.16&#8243; global_colors_info=\u00bb{}\u00bb][et_pb_text content_last_edited=\u00bboff|desktop\u00bb disabled_on=\u00bbon|on|off\u00bb _builder_version=\u00bb4.16&#8243; text_font=\u00bbParaType BT||||||||\u00bb text_font_size=\u00bb10px\u00bb text_line_height=\u00bb1.4em\u00bb text_orientation=\u00bbcenter\u00bb global_colors_info=\u00bb{}\u00bb]Vi\u00f1edos Mas d\u00b4en More s\/n, 43361 <br \/> La Morera de Montsant, Tarragona.[\/et_pb_text][\/et_pb_column][\/et_pb_row][\/et_pb_section][et_pb_section fb_built=\u00bb1&#8243; custom_padding_last_edited=\u00bbon|phone\u00bb _builder_version=\u00bb3.26.5&#8243; background_image=\u00bbhttps:\/\/losmores.es\/wp-content\/uploads\/2019\/08\/bg-blanco-y-negro.jpg\u00bb background_size=\u00bbcontain\u00bb background_repeat=\u00bbrepeat-x\u00bb custom_margin=\u00bb0px|0px|0px|0px|false|false\u00bb custom_margin_phone=\u00bb0px|0px|0px|0px|false|false\u00bb custom_margin_last_edited=\u00bboff|phone\u00bb custom_padding=\u00bb60px|0px|0px|0px|false|false\u00bb custom_padding_tablet=\u00bb\u00bb custom_padding_phone=\u00bb30px||||false|false\u00bb global_module=\u00bb28071&#8243; saved_tabs=\u00bball\u00bb global_colors_info=\u00bb{}\u00bb][\/et_pb_section]<\/p>\n","protected":false},"excerpt":{"rendered":"<p>ContactoANA VELASCO OCHOADirecci\u00f3n.Licenciada en Ciencias de La Comunicaci\u00f3n Ama su trabajo y el proyecto Los Mores. Seguidora del sue\u00f1o, como un hilo conductor entre los fundadores y las siguientes generaciones. &nbsp; &nbsp; Contacto:info@losmores.esM\u00f3vil y\u00a0 WhatsApp+52 (312) 122 7064 ANA VELASCO OCHOAComercializaci\u00f3n y Direcci\u00f3n. Ama su trabajo y el proyecto Los Mores. Seguidora del sue\u00f1o, como [&hellip;]<\/p>\n","protected":false},"author":1,"featured_media":0,"parent":0,"menu_order":0,"comment_status":"closed","ping_status":"closed","template":"","meta":{"_et_pb_use_builder":"on","_et_pb_old_content":"[vc_row css_animation=\"\" row_type=\"row\" use_row_as_full_screen_section=\"no\" type=\"full_width\" angled_section=\"no\" text_align=\"left\" background_image_as_pattern=\"without_pattern\" z_index=\"\" el_id=\"elvino\" css=\".vc_custom_1562743869067{padding-top: 100px !important;}\"][vc_column][layerslider_vc id=\"8\"][vc_column_text][\/vc_column_text][\/vc_column][\/vc_row][vc_row css_animation=\"\" row_type=\"row\" use_row_as_full_screen_section=\"no\" type=\"full_width\" angled_section=\"no\" text_align=\"left\" background_image_as_pattern=\"without_pattern\" css=\".vc_custom_1562741434835{margin-right: 10px !important;padding-right: 10px !important;}\" z_index=\"\"][vc_column css=\".vc_custom_1562047559800{margin-right: 10px !important;border-right-width: 10px !important;}\"][vc_column_text]\n<h2 style=\"text-align: center;\">Productos<\/h2>\n[\/vc_column_text][vc_row_inner row_type=\"row\" type=\"full_width\" text_align=\"left\" css_animation=\"\" css=\".vc_custom_1562047089993{padding-top: 50px !important;}\"][vc_column_inner css=\".vc_custom_1562047407633{margin-right: 20px !important;margin-left: 20px !important;}\"][products columns=\"4\" orderby=\"title\" order=\"ASC\" ids=\"\"][\/vc_column_inner][\/vc_row_inner][\/vc_column][\/vc_row][vc_row css_animation=\"\" row_type=\"row\" use_row_as_full_screen_section=\"no\" type=\"full_width\" angled_section=\"no\" text_align=\"left\" background_image_as_pattern=\"without_pattern\" css=\".vc_custom_1512644404944{padding-top: 53px !important;}\" z_index=\"\"][vc_column][qode_cards_slider][qode_cards_slider_item active_middle_slide=\"true\" center_slider=\"no\" border_radius=\"no\" hover_animation=\"no\" show_bullets=\"no\" images=\"681,679,676,678,677,680,675\"][\/qode_cards_slider][\/vc_column][\/vc_row][vc_row css_animation=\"\" row_type=\"row\" use_row_as_full_screen_section=\"no\" type=\"full_width\" angled_section=\"no\" text_align=\"left\" background_image_as_pattern=\"without_pattern\"][vc_column][vc_empty_space height=\"100px\"][\/vc_column][\/vc_row]","_et_gb_content_width":"","footnotes":""},"class_list":["post-27768","page","type-page","status-publish","hentry"],"jetpack_sharing_enabled":true,"_links":{"self":[{"href":"https:\/\/losmores.es\/en\/wp-json\/wp\/v2\/pages\/27768","targetHints":{"allow":["GET"]}}],"collection":[{"href":"https:\/\/losmores.es\/en\/wp-json\/wp\/v2\/pages"}],"about":[{"href":"https:\/\/losmores.es\/en\/wp-json\/wp\/v2\/types\/page"}],"author":[{"embeddable":true,"href":"https:\/\/losmores.es\/en\/wp-json\/wp\/v2\/users\/1"}],"replies":[{"embeddable":true,"href":"https:\/\/losmores.es\/en\/wp-json\/wp\/v2\/comments?post=27768"}],"version-history":[{"count":87,"href":"https:\/\/losmores.es\/en\/wp-json\/wp\/v2\/pages\/27768\/revisions"}],"predecessor-version":[{"id":42244,"href":"https:\/\/losmores.es\/en\/wp-json\/wp\/v2\/pages\/27768\/revisions\/42244"}],"wp:attachment":[{"href":"https:\/\/losmores.es\/en\/wp-json\/wp\/v2\/media?parent=27768"}],"curies":[{"name":"wp","href":"https:\/\/api.w.org\/{rel}","templated":true}]}}