{"id":1528,"date":"2019-07-27T01:58:37","date_gmt":"2019-07-26T23:58:37","guid":{"rendered":"https:\/\/losmores.es\/?page_id=1528"},"modified":"2019-11-26T06:17:41","modified_gmt":"2019-11-26T05:17:41","slug":"el-nacimiento-de-una-historia","status":"publish","type":"page","link":"https:\/\/losmores.es\/en\/el-nacimiento-de-una-historia\/","title":{"rendered":"Emergence of a story"},"content":{"rendered":"<p>[et_pb_section fb_built=\u00bb1&#8243; custom_padding_last_edited=\u00bbon|phone\u00bb _builder_version=\u00bb3.29.3&#8243; background_image=\u00bbhttps:\/\/losmores.es\/wp-content\/uploads\/2019\/08\/IMG_1433-2-1-3.jpg\u00bb background_position=\u00bbtop_center\u00bb min_height=\u00bb350px\u00bb min_height_phone=\u00bb250px\u00bb min_height_last_edited=\u00bbon|phone\u00bb height=\u00bb350px\u00bb height_phone=\u00bb250px\u00bb height_last_edited=\u00bbon|desktop\u00bb max_height=\u00bb350px\u00bb max_height_phone=\u00bb250px\u00bb max_height_last_edited=\u00bbon|desktop\u00bb custom_margin_phone=\u00bb0px||||false|false\u00bb custom_margin_last_edited=\u00bbon|phone\u00bb custom_padding_phone=\u00bb0px||||false|false\u00bb disabled_on=\u00bboff|off|off\u00bb collapsed=\u00bboff\u00bb fb_built=\u00bb1&#8243; height__hover_enabled=\u00bboff\u00bb _i=\u00bb0&#8243; _address=\u00bb0&#8243;][et_pb_row custom_padding_last_edited=\u00bbon|phone\u00bb _builder_version=\u00bb3.29.3&#8243; custom_margin=\u00bb||||false|false\u00bb custom_margin_phone=\u00bb0px||||false|false\u00bb custom_margin_last_edited=\u00bbon|phone\u00bb custom_padding=\u00bb25px||||false|false\u00bb custom_padding_phone=\u00bb0px||||false|false\u00bb collapsed=\u00bboff\u00bb _i=\u00bb0&#8243; _address=\u00bb0.0&#8243;][et_pb_column type=\u00bb4_4&#8243; _builder_version=\u00bb3.26.3&#8243; _i=\u00bb0&#8243; _address=\u00bb0.0.0&#8243;][et_pb_text _builder_version=\u00bb3.29.3&#8243; text_font=\u00bbParaType BT||||||||\u00bb text_text_color=\u00bb#ffffff\u00bb text_font_size=\u00bb40px\u00bb text_line_height=\u00bb1.8em\u00bb text_orientation=\u00bbcenter\u00bb custom_margin=\u00bb0px||||false|false\u00bb custom_padding=\u00bb0px||||false|false\u00bb text_line_height_phone=\u00bb1.1em\u00bb text_line_height_last_edited=\u00bbon|phone\u00bb text_text_shadow_style=\u00bbpreset1&#8243; text_text_align=\u00bbcenter\u00bb _i=\u00bb0&#8243; _address=\u00bb0.0.0.0&#8243;]<\/p>\n<p>El nacimiento de una historia<\/p>\n<p>[\/et_pb_text][\/et_pb_column][\/et_pb_row][\/et_pb_section][et_pb_section fb_built=\u00bb1&#8243; _builder_version=\u00bb3.26.5&#8243; top_divider_color=\u00bb#000000&#8243; collapsed=\u00bboff\u00bb fb_built=\u00bb1&#8243; _i=\u00bb1&#8243; _address=\u00bb1&#8243;][et_pb_row column_structure=\u00bb1_2,1_2&#8243; make_equal=\u00bbon\u00bb custom_padding_last_edited=\u00bbon|phone\u00bb _builder_version=\u00bb3.26.5&#8243; background_color=\u00bbrgba(0,0,0,0)\u00bb width=\u00bb100%\u00bb custom_margin=\u00bb||||false|false\u00bb custom_padding=\u00bb0px||3px||false|false\u00bb custom_padding_tablet=\u00bb|10%||10%|false|false\u00bb custom_padding_phone=\u00bb|10%||10%|false|false\u00bb _i=\u00bb0&#8243; _address=\u00bb1.0&#8243;][et_pb_column type=\u00bb1_2&#8243; _builder_version=\u00bb3.26.5&#8243; background_image=\u00bbhttps:\/\/losmores.es\/wp-content\/uploads\/2019\/07\/don-mores.jpg\u00bb custom_padding=\u00bb10%||||false|false\u00bb custom_padding_tablet=\u00bb100%||||false|false\u00bb custom_padding_phone=\u00bb100%||||false|false\u00bb custom_padding_last_edited=\u00bbon|phone\u00bb _i=\u00bb0&#8243; _address=\u00bb1.0.0&#8243;][\/et_pb_column][et_pb_column type=\u00bb1_2&#8243; _builder_version=\u00bb3.26.3&#8243; custom_padding=\u00bb||||false|false\u00bb _i=\u00bb1&#8243; _address=\u00bb1.0.1&#8243;][et_pb_text admin_label=\u00bbTexto\u00bb _builder_version=\u00bb3.26.5&#8243; text_font=\u00bbParaType BT|700|||||||\u00bb text_font_size=\u00bb28px\u00bb text_line_height=\u00bb1.9em\u00bb custom_margin=\u00bb5%||||false|false\u00bb custom_padding=\u00bb||||false|false\u00bb text_text_align=\u00bbleft\u00bb _i=\u00bb0&#8243; _address=\u00bb1.0.1.0&#8243;]<\/p>\n<p>Enrique Legorreta Peyton<\/p>\n<p>[\/et_pb_text][et_pb_text _builder_version=\u00bb3.29.3&#8243; text_font=\u00bbEuphemia CAS||||||||\u00bb text_font_size=\u00bb16px\u00bb text_orientation=\u00bbjustify\u00bb custom_margin=\u00bb0px||5%||false|false\u00bb custom_padding=\u00bb||||false|false\u00bb text_text_align=\u00bbjustify\u00bb _i=\u00bb1&#8243; _address=\u00bb1.0.1.1&#8243;]Un hombre decidido y brillante, Ingeniero Qu\u00edmico dedicado a la industria del tequila por m\u00e1s de veinte a\u00f1os y fundador de \u201cDestiler\u00eda Leyros\u201d en Tequila, Jalisco, M\u00e9xico. Emprendedor y visionario que, junto con su esposa, Silvia Mar Ochoa, realiz\u00f3 muchos de sus sue\u00f1os. \u201cLos Mores\u201d el m\u00e1s m\u00e1gico de ellos\u2026[\/et_pb_text][et_pb_text _builder_version=\u00bb3.29.3&#8243; text_font=\u00bbEuphemia CAS||||||||\u00bb text_font_size=\u00bb16px\u00bb text_orientation=\u00bbjustify\u00bb custom_margin=\u00bb0px||10%||false|false\u00bb custom_padding=\u00bb||||false|false\u00bb hover_enabled=\u00bb0&#8243; text_text_align=\u00bbjustify\u00bb _i=\u00bb2&#8243; _address=\u00bb1.0.1.2&#8243;]<\/p>\n<p>Al llegar al Priorat, esta regi\u00f3n gan\u00f3 sus corazones. Desde el primer momento quedaron maravillados por sus m\u00e1gicos paisajes, conquistados por sus intensos atardeceres que abrazan el Mediterr\u00e1neo y cautivados por las bondades \u00fanicas del privilegiado suelo donde crecen las vides.<\/p>\n<p>[\/et_pb_text][\/et_pb_column][\/et_pb_row][\/et_pb_section][et_pb_section fb_built=\u00bb1&#8243; fullwidth=\u00bbon\u00bb _builder_version=\u00bb3.29.3&#8243; fb_built=\u00bb1&#8243; _i=\u00bb2&#8243; _address=\u00bb2&#8243;][et_pb_fullwidth_image src=\u00bbhttps:\/\/losmores.es\/wp-content\/uploads\/2019\/10\/IMGP0847-2.jpg\u00bb _builder_version=\u00bb3.29.3&#8243; _i=\u00bb0&#8243; _address=\u00bb2.0&#8243;][\/et_pb_fullwidth_image][\/et_pb_section][et_pb_section fb_built=\u00bb1&#8243; _builder_version=\u00bb3.26.5&#8243; background_color=\u00bb#ffffff\u00bb custom_margin=\u00bb||||false|false\u00bb custom_padding=\u00bb2.5%||2.5%||false|false\u00bb top_divider_color=\u00bb#000000&#8243; fb_built=\u00bb1&#8243; _i=\u00bb3&#8243; _address=\u00bb3&#8243;][et_pb_row column_structure=\u00bb1_2,1_2&#8243; make_equal=\u00bbon\u00bb custom_padding_last_edited=\u00bbon|phone\u00bb _builder_version=\u00bb3.26.5&#8243; background_color=\u00bbrgba(0,0,0,0)\u00bb width=\u00bb100%\u00bb min_height=\u00bb338px\u00bb custom_margin=\u00bb||||false|false\u00bb custom_padding=\u00bb0px||3px|0px|false|false\u00bb custom_padding_tablet=\u00bb|10%||10%|false|false\u00bb custom_padding_phone=\u00bb|10%||10%|false|false\u00bb _i=\u00bb0&#8243; _address=\u00bb3.0&#8243;][et_pb_column type=\u00bb1_2&#8243; _builder_version=\u00bb3.26.3&#8243; custom_padding=\u00bb||||false|false\u00bb _i=\u00bb0&#8243; _address=\u00bb3.0.0&#8243;][et_pb_text admin_label=\u00bbTexto\u00bb _builder_version=\u00bb3.29.3&#8243; text_font=\u00bbParaType BT|700|||||||\u00bb text_font_size=\u00bb22px\u00bb text_line_height=\u00bb1.8em\u00bb custom_margin=\u00bb50px||||false|false\u00bb custom_padding=\u00bb|10%|||false|false\u00bb _i=\u00bb0&#8243; _address=\u00bb3.0.0.0&#8243;]DETR\u00c1S DE UN BUEN VINO, SIEMPRE UNA BUENA HISTORIA\u2026[\/et_pb_text][et_pb_divider color=\u00bb#000000&#8243; divider_weight=\u00bb2px\u00bb _builder_version=\u00bb3.26.5&#8243; width=\u00bb0%\u00bb module_alignment=\u00bbleft\u00bb custom_margin=\u00bb||||false|false\u00bb custom_padding=\u00bb|||5%|false|false\u00bb _i=\u00bb1&#8243; _address=\u00bb3.0.0.1&#8243;][\/et_pb_divider][et_pb_text _builder_version=\u00bb3.29.3&#8243; text_font=\u00bbEuphemia CAS||||||||\u00bb text_font_size=\u00bb16px\u00bb text_orientation=\u00bbjustify\u00bb custom_margin=\u00bb-4px||10%||false|false\u00bb custom_padding=\u00bb|10%|||false|false\u00bb text_text_align=\u00bbjustify\u00bb _i=\u00bb2&#8243; _address=\u00bb3.0.0.2&#8243;]<\/p>\n<p style=\"text-align: justify;\">El nombre del vino \u201cLos Mores\u201d posee una connotaci\u00f3n emotiva. Entre los fundadores, Enrique y Sylvia Mar, se llamaban \u201cMore\u201d, que deriva de la palabra \u201camore\u201d de la lengua italiana. <\/p>\n<p>En cada botella encuentras un v\u00ednculo entre la intensidad de los vinos del Priorat y una intensa historia; fragmentos de pizarra que se mezclan con notas de una pasi\u00f3n viva; arom\u00e1ticas hierbas potencializando una esencia; una mas\u00eda de doscientos a\u00f1os que hoy alberga a \u201cLos Mores\u201d.\n<\/p>\n<p>[\/et_pb_text][\/et_pb_column][et_pb_column type=\u00bb1_2&#8243; _builder_version=\u00bb3.26.5&#8243; background_image=\u00bbhttps:\/\/losmores.es\/wp-content\/uploads\/2019\/07\/fundadores-los-mores.jpg\u00bb background_size=\u00bbcontain\u00bb custom_padding=\u00bb35%||||false|false\u00bb custom_padding_tablet=\u00bb100%||||false|false\u00bb custom_padding_phone=\u00bb100%||||false|false\u00bb custom_padding_last_edited=\u00bbon|tablet\u00bb disabled_on=\u00bboff|off|off\u00bb _i=\u00bb1&#8243; _address=\u00bb3.0.1&#8243;][\/et_pb_column][\/et_pb_row][\/et_pb_section][et_pb_section fb_built=\u00bb1&#8243; custom_padding_last_edited=\u00bbon|phone\u00bb _builder_version=\u00bb3.26.5&#8243; background_image=\u00bbhttps:\/\/losmores.es\/wp-content\/uploads\/2019\/08\/bg-blanco-y-negro.jpg\u00bb background_size=\u00bbcontain\u00bb background_repeat=\u00bbrepeat-x\u00bb custom_margin=\u00bb0px|0px|0px|0px|false|false\u00bb custom_margin_phone=\u00bb0px|0px|0px|0px|false|false\u00bb custom_margin_last_edited=\u00bboff|phone\u00bb custom_padding=\u00bb60px|0px|0px|0px|false|false\u00bb custom_padding_phone=\u00bb30px||||false|false\u00bb global_module=\u00bb28071&#8243; saved_tabs=\u00bball\u00bb fb_built=\u00bb1&#8243; _i=\u00bb3&#8243; _address=\u00bb3&#8243;][\/et_pb_section]<\/p>\n","protected":false},"excerpt":{"rendered":"<p>El nacimiento de una historiaEnrique Legorreta PeytonUn hombre decidido y brillante, Ingeniero Qu\u00edmico dedicado a la industria del tequila por m\u00e1s de veinte a\u00f1os y fundador de \u201cDestiler\u00eda Leyros\u201d en Tequila, Jalisco, M\u00e9xico. Emprendedor y visionario que, junto con su esposa, Silvia Mar Ochoa, realiz\u00f3 muchos de sus sue\u00f1os. \u201cLos Mores\u201d el m\u00e1s m\u00e1gico de [&hellip;]<\/p>\n","protected":false},"author":1,"featured_media":0,"parent":0,"menu_order":0,"comment_status":"closed","ping_status":"closed","template":"","meta":{"_et_pb_use_builder":"on","_et_pb_old_content":"[vc_row css_animation=\"\" row_type=\"row\" use_row_as_full_screen_section=\"no\" type=\"full_width\" angled_section=\"no\" text_align=\"left\" background_image_as_pattern=\"without_pattern\" z_index=\"\" el_id=\"elvino\" css=\".vc_custom_1562743869067{padding-top: 100px !important;}\"][vc_column][layerslider_vc id=\"8\"][vc_column_text][\/vc_column_text][\/vc_column][\/vc_row][vc_row css_animation=\"\" row_type=\"row\" use_row_as_full_screen_section=\"no\" type=\"full_width\" angled_section=\"no\" text_align=\"left\" background_image_as_pattern=\"without_pattern\" css=\".vc_custom_1562741434835{margin-right: 10px !important;padding-right: 10px !important;}\" z_index=\"\"][vc_column css=\".vc_custom_1562047559800{margin-right: 10px !important;border-right-width: 10px !important;}\"][vc_column_text]\n<h2 style=\"text-align: center;\">Productos<\/h2>\n[\/vc_column_text][vc_row_inner row_type=\"row\" type=\"full_width\" text_align=\"left\" css_animation=\"\" css=\".vc_custom_1562047089993{padding-top: 50px !important;}\"][vc_column_inner css=\".vc_custom_1562047407633{margin-right: 20px !important;margin-left: 20px !important;}\"][products columns=\"4\" orderby=\"title\" order=\"ASC\" ids=\"\"][\/vc_column_inner][\/vc_row_inner][\/vc_column][\/vc_row][vc_row css_animation=\"\" row_type=\"row\" use_row_as_full_screen_section=\"no\" type=\"full_width\" angled_section=\"no\" text_align=\"left\" background_image_as_pattern=\"without_pattern\" css=\".vc_custom_1512644404944{padding-top: 53px !important;}\" z_index=\"\"][vc_column][qode_cards_slider][qode_cards_slider_item active_middle_slide=\"true\" center_slider=\"no\" border_radius=\"no\" hover_animation=\"no\" show_bullets=\"no\" images=\"681,679,676,678,677,680,675\"][\/qode_cards_slider][\/vc_column][\/vc_row][vc_row css_animation=\"\" row_type=\"row\" use_row_as_full_screen_section=\"no\" type=\"full_width\" angled_section=\"no\" text_align=\"left\" background_image_as_pattern=\"without_pattern\"][vc_column][vc_empty_space height=\"100px\"][\/vc_column][\/vc_row]","_et_gb_content_width":"","footnotes":""},"class_list":["post-1528","page","type-page","status-publish","hentry"],"jetpack_sharing_enabled":true,"_links":{"self":[{"href":"https:\/\/losmores.es\/en\/wp-json\/wp\/v2\/pages\/1528","targetHints":{"allow":["GET"]}}],"collection":[{"href":"https:\/\/losmores.es\/en\/wp-json\/wp\/v2\/pages"}],"about":[{"href":"https:\/\/losmores.es\/en\/wp-json\/wp\/v2\/types\/page"}],"author":[{"embeddable":true,"href":"https:\/\/losmores.es\/en\/wp-json\/wp\/v2\/users\/1"}],"replies":[{"embeddable":true,"href":"https:\/\/losmores.es\/en\/wp-json\/wp\/v2\/comments?post=1528"}],"version-history":[{"count":89,"href":"https:\/\/losmores.es\/en\/wp-json\/wp\/v2\/pages\/1528\/revisions"}],"predecessor-version":[{"id":30715,"href":"https:\/\/losmores.es\/en\/wp-json\/wp\/v2\/pages\/1528\/revisions\/30715"}],"wp:attachment":[{"href":"https:\/\/losmores.es\/en\/wp-json\/wp\/v2\/media?parent=1528"}],"curies":[{"name":"wp","href":"https:\/\/api.w.org\/{rel}","templated":true}]}}