{"id":1489,"date":"2019-07-27T00:39:42","date_gmt":"2019-07-26T22:39:42","guid":{"rendered":"https:\/\/losmores.es\/?page_id=1489"},"modified":"2019-10-18T22:32:26","modified_gmt":"2019-10-18T20:32:26","slug":"nuestra-bodega","status":"publish","type":"page","link":"https:\/\/losmores.es\/en\/nuestra-bodega\/","title":{"rendered":"Our Winery"},"content":{"rendered":"<p>[et_pb_section fb_built=\u00bb1&#8243; inner_shadow=\u00bbon\u00bb custom_padding_last_edited=\u00bbon|desktop\u00bb disabled_on=\u00bboff|off|off\u00bb _builder_version=\u00bb3.29.3&#8243; background_image=\u00bbhttps:\/\/losmores.es\/wp-content\/uploads\/2019\/08\/bg-title-bodega-1.jpg\u00bb transform_scale_last_edited=\u00bbon|desktop\u00bb transform_translate_last_edited=\u00bbon|desktop\u00bb transform_rotate_last_edited=\u00bbon|desktop\u00bb transform_skew_last_edited=\u00bbon|desktop\u00bb transform_origin_last_edited=\u00bbon|desktop\u00bb transform_styles_last_edited=\u00bbon|desktop\u00bb min_height=\u00bb350px\u00bb min_height_phone=\u00bb200px\u00bb min_height_last_edited=\u00bbon|phone\u00bb height=\u00bb350px\u00bb height_phone=\u00bb200px\u00bb height_last_edited=\u00bbon|desktop\u00bb max_height=\u00bb350px\u00bb max_height_phone=\u00bb200px\u00bb max_height_last_edited=\u00bbon|desktop\u00bb custom_margin_phone=\u00bb0px||||false|false\u00bb custom_margin_last_edited=\u00bbon|phone\u00bb custom_padding=\u00bb50px||||false|false\u00bb custom_padding_phone=\u00bb0px||||false|false\u00bb hover_enabled=\u00bb0&#8243; collapsed=\u00bboff\u00bb fb_built=\u00bb1&#8243; height__hover_enabled=\u00bboff\u00bb _i=\u00bb0&#8243; _address=\u00bb0&#8243;][et_pb_row custom_padding_last_edited=\u00bbon|phone\u00bb _builder_version=\u00bb3.29.3&#8243; custom_margin=\u00bb25px||||false|false\u00bb custom_margin_last_edited=\u00bbon|phone\u00bb custom_padding=\u00bb||||false|false\u00bb hover_enabled=\u00bb0&#8243; collapsed=\u00bboff\u00bb _i=\u00bb0&#8243; _address=\u00bb0.0&#8243; custom_padding_phone=\u00bb0px||||false|false\u00bb custom_margin_phone=\u00bb0px||||false|false\u00bb][et_pb_column type=\u00bb4_4&#8243; _builder_version=\u00bb3.29.3&#8243; _i=\u00bb0&#8243; _address=\u00bb0.0.0&#8243;][et_pb_text _builder_version=\u00bb3.29.3&#8243; text_font=\u00bbParaType BT||||||||\u00bb text_text_color=\u00bb#ffffff\u00bb text_font_size=\u00bb40px\u00bb text_orientation=\u00bbcenter\u00bb custom_margin_phone=\u00bb0px||||false|false\u00bb custom_margin_last_edited=\u00bbon|phone\u00bb custom_padding=\u00bb0px||||false|false\u00bb custom_padding_phone=\u00bb0px||0px||false|false\u00bb custom_padding_last_edited=\u00bboff|desktop\u00bb text_text_shadow_style=\u00bbpreset1&#8243; text_text_shadow_blur_strength_last_edited=\u00bboff|desktop\u00bb text_text_align=\u00bbcenter\u00bb _i=\u00bb0&#8243; _address=\u00bb0.0.0.0&#8243; text_text_shadow_blur_strength__hover_enabled=\u00bboff|desktop\u00bb]<\/p>\n<p>Nuestra Bodega<\/p>\n<p>[\/et_pb_text][\/et_pb_column][\/et_pb_row][\/et_pb_section][et_pb_section fb_built=\u00bb1&#8243; _builder_version=\u00bb3.26.4&#8243; background_color=\u00bb#ffffff\u00bb custom_margin=\u00bb||||false|false\u00bb custom_padding=\u00bb5%||4px||false|false\u00bb top_divider_color=\u00bb#000000&#8243; fb_built=\u00bb1&#8243; _i=\u00bb1&#8243; _address=\u00bb1&#8243;][et_pb_row column_structure=\u00bb1_2,1_2&#8243; make_equal=\u00bbon\u00bb _builder_version=\u00bb3.26.5&#8243; background_color=\u00bbrgba(0,0,0,0)\u00bb width=\u00bb100%\u00bb custom_margin=\u00bb||||false|false\u00bb custom_padding=\u00bb0px||3px|0px|false|false\u00bb _i=\u00bb0&#8243; _address=\u00bb1.0&#8243;][et_pb_column type=\u00bb1_2&#8243; disabled_on=\u00bbon|off|off\u00bb _builder_version=\u00bb3.26.5&#8243; background_image=\u00bbhttps:\/\/losmores.es\/wp-content\/uploads\/2019\/07\/62-PRIORAT-ALTA-BOIX-min000.jpg\u00bb background_position=\u00bbcenter_left\u00bb custom_padding=\u00bb35%||||false|false\u00bb _i=\u00bb0&#8243; _address=\u00bb1.0.0&#8243;][\/et_pb_column][et_pb_column type=\u00bb1_2&#8243; _builder_version=\u00bb3.26.3&#8243; custom_padding=\u00bb||||false|false\u00bb _i=\u00bb1&#8243; _address=\u00bb1.0.1&#8243;][et_pb_text admin_label=\u00bbTexto\u00bb _builder_version=\u00bb3.29.3&#8243; text_font=\u00bbParaType BT|700|||||||\u00bb text_font_size=\u00bb22px\u00bb text_line_height=\u00bb1.8em\u00bb custom_margin=\u00bb-3px||||false|false\u00bb custom_padding=\u00bb|10%||10%|false|false\u00bb _i=\u00bb0&#8243; _address=\u00bb1.0.1.0&#8243;]La calidad de la crianza es asegurada por el ambiente \u00f3ptimo de nuestra bodega. [\/et_pb_text][et_pb_divider color=\u00bb#000000&#8243; divider_weight=\u00bb2px\u00bb _builder_version=\u00bb3.26.3&#8243; width=\u00bb0%\u00bb module_alignment=\u00bbleft\u00bb custom_margin=\u00bb||||false|false\u00bb custom_padding=\u00bb|||32%|false|false\u00bb _i=\u00bb1&#8243; _address=\u00bb1.0.1.1&#8243;][\/et_pb_divider][et_pb_text _builder_version=\u00bb3.29.3&#8243; text_font=\u00bbEuphemia CAS||||||||\u00bb text_font_size=\u00bb16px\u00bb text_line_height=\u00bb1.8em\u00bb text_orientation=\u00bbjustify\u00bb custom_margin=\u00bb0px||5%||false|false\u00bb custom_padding=\u00bb|10%||10%|false|false\u00bb text_text_align=\u00bbjustify\u00bb _i=\u00bb2&#8243; _address=\u00bb1.0.1.2&#8243;]<\/p>\n<p>En la fermentaci\u00f3n tradicional en barricas de roble franc\u00e9s, utilizamos levaduras 100% aut\u00f3ctonas. El proceso de maduraci\u00f3n y las diferentes etapas de elaboraci\u00f3n del vino antes del embotellado se controlan con precisi\u00f3n. <\/p>\n<p>[\/et_pb_text][\/et_pb_column][\/et_pb_row][\/et_pb_section][et_pb_section fb_built=\u00bb1&#8243; custom_padding_last_edited=\u00bbon|tablet\u00bb _builder_version=\u00bb3.26.5&#8243; background_enable_image=\u00bboff\u00bb custom_padding=\u00bb42px||6px|||\u00bb custom_padding_tablet=\u00bb0px||||false|false\u00bb custom_padding_phone=\u00bb0px||||false|false\u00bb collapsed=\u00bboff\u00bb fb_built=\u00bb1&#8243; _i=\u00bb2&#8243; _address=\u00bb2&#8243;][et_pb_row _builder_version=\u00bb3.26.5&#8243; module_alignment=\u00bbcenter\u00bb min_height=\u00bb100px\u00bb height=\u00bb100px\u00bb max_height=\u00bb100px\u00bb custom_margin=\u00bb-7px|auto||auto||\u00bb _i=\u00bb0&#8243; _address=\u00bb2.0&#8243;][et_pb_column type=\u00bb4_4&#8243; _builder_version=\u00bb3.26.4&#8243; _i=\u00bb0&#8243; _address=\u00bb2.0.0&#8243;][et_pb_text quote_border_weight=\u00bb29px\u00bb _builder_version=\u00bb3.29.3&#8243; text_font=\u00bbEuphemia CAS|700|||||||\u00bb text_font_size=\u00bb18px\u00bb text_line_height=\u00bb1.8em\u00bb quote_font=\u00bbEuphemia CAS||||||||\u00bb quote_text_color=\u00bb#000000&#8243; text_orientation=\u00bbcenter\u00bb quote_text_shadow_style=\u00bbpreset1&#8243; quote_text_shadow_blur_strength=\u00bb0.58em\u00bb text_text_align=\u00bbcenter\u00bb _i=\u00bb0&#8243; _address=\u00bb2.0.0.0&#8243;]<\/p>\n<p>Con un m\u00ednimo de 12 meses en botella, nuestros vinos obtienen el punto de madurez id\u00f3neo y atributos \u00fanicos.<\/p>\n<p>[\/et_pb_text][\/et_pb_column][\/et_pb_row][\/et_pb_section][et_pb_section fb_built=\u00bb1&#8243; _builder_version=\u00bb3.26.5&#8243; background_color=\u00bb#000000&#8243; background_image=\u00bbhttps:\/\/losmores.es\/wp-content\/uploads\/2019\/08\/bg-bodega.jpg\u00bb parallax=\u00bbon\u00bb custom_margin=\u00bb||||false|false\u00bb custom_margin_tablet=\u00bb10%||||false|false\u00bb custom_margin_phone=\u00bb10%||||false|false\u00bb custom_margin_last_edited=\u00bbon|tablet\u00bb custom_padding=\u00bb5%||5%||false|false\u00bb collapsed=\u00bboff\u00bb fb_built=\u00bb1&#8243; _i=\u00bb3&#8243; _address=\u00bb3&#8243;][et_pb_row _builder_version=\u00bb3.26.5&#8243; min_height=\u00bb139px\u00bb custom_margin=\u00bb||||false|false\u00bb custom_padding=\u00bb|10%||10%|false|false\u00bb _i=\u00bb0&#8243; _address=\u00bb3.0&#8243;][et_pb_column type=\u00bb4_4&#8243; _builder_version=\u00bb3.26.5&#8243; _i=\u00bb0&#8243; _address=\u00bb3.0.0&#8243;][et_pb_text _builder_version=\u00bb3.29.3&#8243; text_font=\u00bbEuphemia CAS|800|||||||\u00bb text_text_color=\u00bb#ffffff\u00bb text_font_size=\u00bb16px\u00bb text_line_height=\u00bb1.8em\u00bb text_orientation=\u00bbjustify\u00bb custom_padding_phone=\u00bb150px||||false|false\u00bb custom_padding_last_edited=\u00bbon|phone\u00bb text_text_shadow_style=\u00bbpreset2&#8243; text_text_shadow_horizontal_length=\u00bb0.27em\u00bb text_text_shadow_vertical_length=\u00bb0.05em\u00bb text_text_shadow_blur_strength=\u00bb0.39em\u00bb text_text_shadow_color=\u00bb#000000&#8243; text_text_align=\u00bbjustify\u00bb _i=\u00bb0&#8243; _address=\u00bb3.0.0.0&#8243;]<\/p>\n<p><strong>Los aromas a piedra y minerales se acent\u00faan con finas notas a maderas nobles procedentes de este tipo de crianza, obteniendo un vino con car\u00e1cter por su complejidad, que resiste mucho tiempo en botella, pudi\u00e9ndose consumir en excelentes condiciones en los siguientes 15 a\u00f1os.<\/strong><\/p>\n<p>[\/et_pb_text][\/et_pb_column][\/et_pb_row][\/et_pb_section]<\/p>\n","protected":false},"excerpt":{"rendered":"<p>Nuestra BodegaLa calidad de la crianza es asegurada por el ambiente \u00f3ptimo de nuestra bodega. En la fermentaci\u00f3n tradicional en barricas de roble franc\u00e9s, utilizamos levaduras 100% aut\u00f3ctonas. El proceso de maduraci\u00f3n y las diferentes etapas de elaboraci\u00f3n del vino antes del embotellado se controlan con precisi\u00f3n. Con un m\u00ednimo de 12 meses en botella, [&hellip;]<\/p>\n","protected":false},"author":1,"featured_media":0,"parent":0,"menu_order":0,"comment_status":"closed","ping_status":"closed","template":"","meta":{"_et_pb_use_builder":"on","_et_pb_old_content":"[vc_row css_animation=\"\" row_type=\"row\" use_row_as_full_screen_section=\"no\" type=\"full_width\" angled_section=\"no\" text_align=\"left\" background_image_as_pattern=\"without_pattern\" z_index=\"\" el_id=\"elvino\" css=\".vc_custom_1562743869067{padding-top: 100px !important;}\"][vc_column][layerslider_vc id=\"8\"][vc_column_text][\/vc_column_text][\/vc_column][\/vc_row][vc_row css_animation=\"\" row_type=\"row\" use_row_as_full_screen_section=\"no\" type=\"full_width\" angled_section=\"no\" text_align=\"left\" background_image_as_pattern=\"without_pattern\" css=\".vc_custom_1562741434835{margin-right: 10px !important;padding-right: 10px !important;}\" z_index=\"\"][vc_column css=\".vc_custom_1562047559800{margin-right: 10px !important;border-right-width: 10px !important;}\"][vc_column_text]\n<h2 style=\"text-align: center;\">Productos<\/h2>\n[\/vc_column_text][vc_row_inner row_type=\"row\" type=\"full_width\" text_align=\"left\" css_animation=\"\" css=\".vc_custom_1562047089993{padding-top: 50px !important;}\"][vc_column_inner css=\".vc_custom_1562047407633{margin-right: 20px !important;margin-left: 20px !important;}\"][products columns=\"4\" orderby=\"title\" order=\"ASC\" ids=\"\"][\/vc_column_inner][\/vc_row_inner][\/vc_column][\/vc_row][vc_row css_animation=\"\" row_type=\"row\" use_row_as_full_screen_section=\"no\" type=\"full_width\" angled_section=\"no\" text_align=\"left\" background_image_as_pattern=\"without_pattern\" css=\".vc_custom_1512644404944{padding-top: 53px !important;}\" z_index=\"\"][vc_column][qode_cards_slider][qode_cards_slider_item active_middle_slide=\"true\" center_slider=\"no\" border_radius=\"no\" hover_animation=\"no\" show_bullets=\"no\" images=\"681,679,676,678,677,680,675\"][\/qode_cards_slider][\/vc_column][\/vc_row][vc_row css_animation=\"\" row_type=\"row\" use_row_as_full_screen_section=\"no\" type=\"full_width\" angled_section=\"no\" text_align=\"left\" background_image_as_pattern=\"without_pattern\"][vc_column][vc_empty_space height=\"100px\"][\/vc_column][\/vc_row]","_et_gb_content_width":"","footnotes":""},"class_list":["post-1489","page","type-page","status-publish","hentry"],"jetpack_sharing_enabled":true,"_links":{"self":[{"href":"https:\/\/losmores.es\/en\/wp-json\/wp\/v2\/pages\/1489","targetHints":{"allow":["GET"]}}],"collection":[{"href":"https:\/\/losmores.es\/en\/wp-json\/wp\/v2\/pages"}],"about":[{"href":"https:\/\/losmores.es\/en\/wp-json\/wp\/v2\/types\/page"}],"author":[{"embeddable":true,"href":"https:\/\/losmores.es\/en\/wp-json\/wp\/v2\/users\/1"}],"replies":[{"embeddable":true,"href":"https:\/\/losmores.es\/en\/wp-json\/wp\/v2\/comments?post=1489"}],"version-history":[{"count":83,"href":"https:\/\/losmores.es\/en\/wp-json\/wp\/v2\/pages\/1489\/revisions"}],"predecessor-version":[{"id":30197,"href":"https:\/\/losmores.es\/en\/wp-json\/wp\/v2\/pages\/1489\/revisions\/30197"}],"wp:attachment":[{"href":"https:\/\/losmores.es\/en\/wp-json\/wp\/v2\/media?parent=1489"}],"curies":[{"name":"wp","href":"https:\/\/api.w.org\/{rel}","templated":true}]}}