{"id":1472,"date":"2019-07-26T23:48:42","date_gmt":"2019-07-26T21:48:42","guid":{"rendered":"https:\/\/losmores.es\/?page_id=1472"},"modified":"2019-10-15T02:06:27","modified_gmt":"2019-10-15T00:06:27","slug":"el-priorat","status":"publish","type":"page","link":"https:\/\/losmores.es\/en\/el-priorat\/","title":{"rendered":"Priorat"},"content":{"rendered":"<p>[et_pb_section fb_built=\u00bb1&#8243; disabled_on=\u00bboff|off|off\u00bb _builder_version=\u00bb3.29.3&#8243; background_color_gradient_direction=\u00bb133deg\u00bb background_image=\u00bbhttps:\/\/losmores.es\/wp-content\/uploads\/2019\/08\/bg-title-3-1-1.jpg\u00bb background_position=\u00bbtop_center\u00bb min_height=\u00bb350px\u00bb min_height_phone=\u00bb200px\u00bb min_height_last_edited=\u00bbon|phone\u00bb height=\u00bb350px\u00bb height_phone=\u00bb200px\u00bb height_last_edited=\u00bbon|desktop\u00bb max_height=\u00bb350px\u00bb max_height_phone=\u00bb200px\u00bb max_height_last_edited=\u00bbon|desktop\u00bb custom_margin=\u00bb0px||||false|false\u00bb custom_margin_phone=\u00bb0px||||false|false\u00bb custom_margin_last_edited=\u00bbon|desktop\u00bb custom_padding=\u00bb||||false|false\u00bb background_last_edited=\u00bbon|phone\u00bb parallax_phone=\u00bboff\u00bb background_size_phone=\u00bbcover\u00bb collapsed=\u00bboff\u00bb fb_built=\u00bb1&#8243; height__hover_enabled=\u00bboff\u00bb _i=\u00bb0&#8243; _address=\u00bb0&#8243;][et_pb_row custom_padding_last_edited=\u00bbon|phone\u00bb _builder_version=\u00bb3.29.3&#8243; custom_margin=\u00bb25px||||false|false\u00bb custom_margin_phone=\u00bb-20px||||false|false\u00bb custom_margin_last_edited=\u00bbon|desktop\u00bb custom_padding=\u00bb||||false|false\u00bb custom_padding_phone=\u00bb0px||||false|false\u00bb collapsed=\u00bboff\u00bb _i=\u00bb0&#8243; _address=\u00bb0.0&#8243;][et_pb_column type=\u00bb4_4&#8243; _builder_version=\u00bb3.26.3&#8243; _i=\u00bb0&#8243; _address=\u00bb0.0.0&#8243;][et_pb_text _builder_version=\u00bb3.29.3&#8243; text_font=\u00bbParaType BT||||||||\u00bb text_text_color=\u00bb#ffffff\u00bb text_font_size=\u00bb40px\u00bb text_orientation=\u00bbcenter\u00bb custom_margin=\u00bb0px||||false|false\u00bb custom_margin_phone=\u00bb0px||||false|false\u00bb custom_margin_last_edited=\u00bbon|phone\u00bb custom_padding=\u00bb0px||||false|false\u00bb text_text_shadow_style=\u00bbpreset1&#8243; text_text_align=\u00bbcenter\u00bb _i=\u00bb0&#8243; _address=\u00bb0.0.0.0&#8243;]<\/p>\n<p>El Priorat<\/p>\n<p>[\/et_pb_text][\/et_pb_column][\/et_pb_row][\/et_pb_section][et_pb_section fb_built=\u00bb1&#8243; _builder_version=\u00bb3.26.3&#8243; custom_margin=\u00bb||||false|false\u00bb custom_padding=\u00bb45px||45px||false|false\u00bb collapsed=\u00bboff\u00bb fb_built=\u00bb1&#8243; _i=\u00bb1&#8243; _address=\u00bb1&#8243;][et_pb_row _builder_version=\u00bb3.26.5&#8243; _i=\u00bb0&#8243; _address=\u00bb1.0&#8243;][et_pb_column type=\u00bb4_4&#8243; _builder_version=\u00bb3.26.5&#8243; _i=\u00bb0&#8243; _address=\u00bb1.0.0&#8243;][et_pb_text _builder_version=\u00bb3.29.3&#8243; text_font_size=\u00bb16px\u00bb _i=\u00bb0&#8243; _address=\u00bb1.0.0.0&#8243;]<\/p>\n<p style=\"text-align: justify;\"><span style=\"font-weight: 400;\">Situado al sur de Catalu\u00f1a, en la provincia de Tarragona, a 120 kms al suroeste de Barcelona. El Priorat es hoy de las regiones m\u00e1s prestigiosas en la producci\u00f3n vin\u00edcola, siendo junto con la Rioja las \u00fanicas dos regiones que cuentan con Denominaci\u00f3n de Origen Calificada, DOQ. <\/span><\/p>\n<p>[\/et_pb_text][et_pb_image src=\u00bbhttps:\/\/losmores.es\/wp-content\/uploads\/2019\/10\/Imagen-1.png\u00bb align=\u00bbcenter\u00bb _builder_version=\u00bb3.29.3&#8243; hover_enabled=\u00bb0&#8243; _i=\u00bb1&#8243; _address=\u00bb1.0.0.1&#8243;][\/et_pb_image][\/et_pb_column][\/et_pb_row][\/et_pb_section][et_pb_section fb_built=\u00bb1&#8243; _builder_version=\u00bb3.29.3&#8243; background_image=\u00bbhttps:\/\/losmores.es\/wp-content\/uploads\/2019\/10\/IMGP0256.jpg\u00bb custom_margin=\u00bb||||false|false\u00bb custom_padding=\u00bb20%||||false|false\u00bb top_divider_color=\u00bb#000000&#8243; hover_enabled=\u00bb0&#8243; fb_built=\u00bb1&#8243; _i=\u00bb2&#8243; _address=\u00bb2&#8243;][\/et_pb_section][et_pb_section fb_built=\u00bb1&#8243; _builder_version=\u00bb3.26.3&#8243; custom_margin=\u00bb-28px|||||\u00bb custom_padding=\u00bb0px||||false|false\u00bb top_divider_color=\u00bb#000000&#8243; hover_enabled=\u00bb0&#8243; fb_built=\u00bb1&#8243; _i=\u00bb3&#8243; _address=\u00bb3&#8243;][et_pb_row _builder_version=\u00bb3.26.5&#8243; hover_enabled=\u00bb0&#8243; _i=\u00bb0&#8243; _address=\u00bb3.0&#8243;][et_pb_column type=\u00bb4_4&#8243; _builder_version=\u00bb3.26.5&#8243; _i=\u00bb0&#8243; _address=\u00bb3.0.0&#8243;][et_pb_text _builder_version=\u00bb3.29.3&#8243; text_font_size=\u00bb16px\u00bb custom_margin=\u00bb5%||||false|false\u00bb _i=\u00bb0&#8243; _address=\u00bb3.0.0.0&#8243;]<\/p>\n<p style=\"text-align: justify;\">Los vi\u00f1edos se asientan en una zona monta\u00f1osa con laderas empinadas, tapizadas de finas l\u00e1minas de pizarra, llamada <em>licorella<\/em>. Este compuesto le confiere una personalidad aut\u00e9ntica, un terroir que matiza su excelente mineralidad.<\/p>\n<p style=\"text-align: justify;\">En los \u00faltimos 30 a\u00f1os la prestigiada denominaci\u00f3n se ha destacado con la producci\u00f3n de algunos de los m\u00e1s selectos vinos de Espa\u00f1a, convirti\u00e9ndose tambi\u00e9n en un destino tur\u00edstico para el enoturismo.<\/p>\n<p>[\/et_pb_text][\/et_pb_column][\/et_pb_row][\/et_pb_section][et_pb_section fb_built=\u00bb1&#8243; _builder_version=\u00bb3.29.3&#8243; background_image=\u00bbhttps:\/\/losmores.es\/wp-content\/uploads\/2019\/10\/IMGP0256.jpg\u00bb custom_margin=\u00bb||||false|false\u00bb custom_padding=\u00bb100px||||false|false\u00bb top_divider_color=\u00bb#000000&#8243; hover_enabled=\u00bb0&#8243; fb_built=\u00bb1&#8243; _i=\u00bb4&#8243; _address=\u00bb4&#8243;][\/et_pb_section]<\/p>\n","protected":false},"excerpt":{"rendered":"<p>El PrioratSituado al sur de Catalu\u00f1a, en la provincia de Tarragona, a 120 kms al suroeste de Barcelona. El Priorat es hoy de las regiones m\u00e1s prestigiosas en la producci\u00f3n vin\u00edcola, siendo junto con la Rioja las \u00fanicas dos regiones que cuentan con Denominaci\u00f3n de Origen Calificada, DOQ. Los vi\u00f1edos se asientan en una zona [&hellip;]<\/p>\n","protected":false},"author":1,"featured_media":0,"parent":0,"menu_order":0,"comment_status":"closed","ping_status":"closed","template":"","meta":{"_et_pb_use_builder":"on","_et_pb_old_content":"[vc_row css_animation=\"\" row_type=\"row\" use_row_as_full_screen_section=\"no\" type=\"full_width\" angled_section=\"no\" text_align=\"left\" background_image_as_pattern=\"without_pattern\" z_index=\"\" el_id=\"elvino\" css=\".vc_custom_1562743869067{padding-top: 100px !important;}\"][vc_column][layerslider_vc id=\"8\"][vc_column_text][\/vc_column_text][\/vc_column][\/vc_row][vc_row css_animation=\"\" row_type=\"row\" use_row_as_full_screen_section=\"no\" type=\"full_width\" angled_section=\"no\" text_align=\"left\" background_image_as_pattern=\"without_pattern\" css=\".vc_custom_1562741434835{margin-right: 10px !important;padding-right: 10px !important;}\" z_index=\"\"][vc_column css=\".vc_custom_1562047559800{margin-right: 10px !important;border-right-width: 10px !important;}\"][vc_column_text]\n<h2 style=\"text-align: center;\">Productos<\/h2>\n[\/vc_column_text][vc_row_inner row_type=\"row\" type=\"full_width\" text_align=\"left\" css_animation=\"\" css=\".vc_custom_1562047089993{padding-top: 50px !important;}\"][vc_column_inner css=\".vc_custom_1562047407633{margin-right: 20px !important;margin-left: 20px !important;}\"][products columns=\"4\" orderby=\"title\" order=\"ASC\" ids=\"\"][\/vc_column_inner][\/vc_row_inner][\/vc_column][\/vc_row][vc_row css_animation=\"\" row_type=\"row\" use_row_as_full_screen_section=\"no\" type=\"full_width\" angled_section=\"no\" text_align=\"left\" background_image_as_pattern=\"without_pattern\" css=\".vc_custom_1512644404944{padding-top: 53px !important;}\" z_index=\"\"][vc_column][qode_cards_slider][qode_cards_slider_item active_middle_slide=\"true\" center_slider=\"no\" border_radius=\"no\" hover_animation=\"no\" show_bullets=\"no\" images=\"681,679,676,678,677,680,675\"][\/qode_cards_slider][\/vc_column][\/vc_row][vc_row css_animation=\"\" row_type=\"row\" use_row_as_full_screen_section=\"no\" type=\"full_width\" angled_section=\"no\" text_align=\"left\" background_image_as_pattern=\"without_pattern\"][vc_column][vc_empty_space height=\"100px\"][\/vc_column][\/vc_row]","_et_gb_content_width":"","footnotes":""},"class_list":["post-1472","page","type-page","status-publish","hentry"],"jetpack_sharing_enabled":true,"_links":{"self":[{"href":"https:\/\/losmores.es\/en\/wp-json\/wp\/v2\/pages\/1472","targetHints":{"allow":["GET"]}}],"collection":[{"href":"https:\/\/losmores.es\/en\/wp-json\/wp\/v2\/pages"}],"about":[{"href":"https:\/\/losmores.es\/en\/wp-json\/wp\/v2\/types\/page"}],"author":[{"embeddable":true,"href":"https:\/\/losmores.es\/en\/wp-json\/wp\/v2\/users\/1"}],"replies":[{"embeddable":true,"href":"https:\/\/losmores.es\/en\/wp-json\/wp\/v2\/comments?post=1472"}],"version-history":[{"count":62,"href":"https:\/\/losmores.es\/en\/wp-json\/wp\/v2\/pages\/1472\/revisions"}],"predecessor-version":[{"id":29999,"href":"https:\/\/losmores.es\/en\/wp-json\/wp\/v2\/pages\/1472\/revisions\/29999"}],"wp:attachment":[{"href":"https:\/\/losmores.es\/en\/wp-json\/wp\/v2\/media?parent=1472"}],"curies":[{"name":"wp","href":"https:\/\/api.w.org\/{rel}","templated":true}]}}