{"id":1388,"date":"2019-07-26T20:30:39","date_gmt":"2019-07-26T18:30:39","guid":{"rendered":"https:\/\/losmores.es\/?page_id=1388"},"modified":"2019-10-18T20:00:19","modified_gmt":"2019-10-18T18:00:19","slug":"vinedo-mas-den-more","status":"publish","type":"page","link":"https:\/\/losmores.es\/en\/vinedo-mas-den-more\/","title":{"rendered":"Mas d'en More Vinyard"},"content":{"rendered":"<p>[et_pb_section fb_built=\u00bb1&#8243; custom_padding_last_edited=\u00bbon|phone\u00bb disabled_on=\u00bboff|off|off\u00bb _builder_version=\u00bb3.29.3&#8243; background_image=\u00bbhttps:\/\/losmores.es\/wp-content\/uploads\/2019\/09\/header-los-mores-2.jpg\u00bb min_height=\u00bb350px\u00bb min_height_phone=\u00bb200px\u00bb min_height_last_edited=\u00bbon|desktop\u00bb height=\u00bb350px\u00bb height_phone=\u00bb200px\u00bb height_last_edited=\u00bbon|desktop\u00bb max_height=\u00bb350px\u00bb max_height_phone=\u00bb200px\u00bb max_height_last_edited=\u00bbon|desktop\u00bb custom_margin=\u00bb0px||||false|false\u00bb custom_margin_tablet=\u00bb0px||||false|false\u00bb custom_margin_phone=\u00bb0px||||false|false\u00bb custom_margin_last_edited=\u00bbon|phone\u00bb custom_padding=\u00bb||||false|false\u00bb custom_padding_phone=\u00bb2%||||false|false\u00bb hover_enabled=\u00bb0&#8243; background_last_edited=\u00bbon|phone\u00bb collapsed=\u00bboff\u00bb fb_built=\u00bb1&#8243; height__hover_enabled=\u00bboff\u00bb _i=\u00bb0&#8243; _address=\u00bb0&#8243;][et_pb_row custom_padding_last_edited=\u00bbon|desktop\u00bb _builder_version=\u00bb3.29.3&#8243; custom_margin=\u00bb0px||0px||false|false\u00bb custom_margin_phone=\u00bb-20px||||false|false\u00bb custom_margin_last_edited=\u00bbon|desktop\u00bb custom_padding=\u00bb25px||0px||false|false\u00bb custom_padding_phone=\u00bb0px||||false|false\u00bb collapsed=\u00bboff\u00bb _i=\u00bb0&#8243; _address=\u00bb0.0&#8243;][et_pb_column type=\u00bb4_4&#8243; _builder_version=\u00bb3.26.5&#8243; _i=\u00bb0&#8243; _address=\u00bb0.0.0&#8243;][et_pb_text _builder_version=\u00bb3.29.3&#8243; text_font=\u00bbParaType BT||||||||\u00bb text_text_color=\u00bb#ffffff\u00bb text_font_size=\u00bb40px\u00bb text_line_height=\u00bb1.8em\u00bb text_orientation=\u00bbcenter\u00bb custom_margin_tablet=\u00bb0px||0px||false|false\u00bb custom_margin_last_edited=\u00bbon|tablet\u00bb custom_padding_tablet=\u00bb0px||0px||false|false\u00bb custom_padding_last_edited=\u00bbon|tablet\u00bb text_font_size_tablet=\u00bb40px\u00bb text_font_size_phone=\u00bb32px\u00bb text_font_size_last_edited=\u00bbon|phone\u00bb text_line_height_phone=\u00bb1.1em\u00bb text_line_height_last_edited=\u00bbon|phone\u00bb text_text_shadow_style=\u00bbpreset1&#8243; text_text_align=\u00bbcenter\u00bb _i=\u00bb0&#8243; _address=\u00bb0.0.0.0&#8243;]<\/p>\n<p>Vi\u00f1edo Mas d\u2019en More<\/p>\n<p>[\/et_pb_text][\/et_pb_column][\/et_pb_row][\/et_pb_section][et_pb_section fb_built=\u00bb1&#8243; _builder_version=\u00bb3.29.3&#8243; custom_margin=\u00bb100px||||false|false\u00bb custom_margin_phone=\u00bb50px||||false|false\u00bb custom_margin_last_edited=\u00bbon|phone\u00bb custom_padding=\u00bb0px||||false|false\u00bb top_divider_color=\u00bb#000000&#8243; fb_built=\u00bb1&#8243; _i=\u00bb1&#8243; _address=\u00bb1&#8243;][et_pb_row column_structure=\u00bb1_2,1_2&#8243; make_equal=\u00bbon\u00bb disabled_on=\u00bboff|off|off\u00bb _builder_version=\u00bb3.27.4&#8243; background_color=\u00bbrgba(0,0,0,0)\u00bb width=\u00bb100%\u00bb custom_padding=\u00bb3px||1px||false|false\u00bb _i=\u00bb0&#8243; _address=\u00bb1.0&#8243;][et_pb_column type=\u00bb1_2&#8243; disabled_on=\u00bbon|on|off\u00bb _builder_version=\u00bb3.27.4&#8243; background_image=\u00bbhttps:\/\/losmores.es\/wp-content\/uploads\/2019\/09\/Image-7.jpg\u00bb custom_padding_tablet=\u00bb100%||||false|false\u00bb custom_padding_phone=\u00bb100%||||false|false\u00bb custom_padding_last_edited=\u00bbon|tablet\u00bb _i=\u00bb0&#8243; _address=\u00bb1.0.0&#8243;][\/et_pb_column][et_pb_column type=\u00bb1_2&#8243; _builder_version=\u00bb3.26.4&#8243; custom_padding=\u00bb|||0px|false|false\u00bb custom_padding__hover_enabled=\u00bboff\u00bb _i=\u00bb1&#8243; _address=\u00bb1.0.1&#8243;][et_pb_text admin_label=\u00bbTexto\u00bb _builder_version=\u00bb3.27.4&#8243; text_font=\u00bbParaType BT|700|||||||\u00bb text_font_size=\u00bb22px\u00bb custom_margin=\u00bb10px||||false|false\u00bb custom_padding=\u00bb|10%||10%|false|false\u00bb _i=\u00bb0&#8243; _address=\u00bb1.0.1.0&#8243;]Sierra de Montsant[\/et_pb_text][et_pb_text _builder_version=\u00bb3.29.3&#8243; text_font=\u00bbEuphemia CAS||||||||\u00bb text_font_size=\u00bb16px\u00bb text_line_height=\u00bb1.8em\u00bb text_orientation=\u00bbjustify\u00bb custom_padding=\u00bb|10%|10%|10%|false|false\u00bb text_text_align=\u00bbjustify\u00bb _i=\u00bb1&#8243; _address=\u00bb1.0.1.1&#8243;]<\/p>\n<p>Nuestro predio se encuentra ubicado en un lugar privilegiado en la comarca del Priorat, con vistas panor\u00e1micas y espectaculares a la imponente Sierra de Montsant. <br \/>\nMas d\u00b4en More posee una extensi\u00f3n boscosa de 23 hect\u00e1reas y cultiva  2.29 hect\u00e1reas de garnacha tinta.  Alrededor de 10,000 vides activas, con una antig\u00fcedad de 20 a\u00f1os, son naturalmente aromatizadas por las hierbas silvestres de la regi\u00f3n y refrescadas por la suave brisa del Mediterr\u00e1neo.<\/p>\n<p>[\/et_pb_text][\/et_pb_column][\/et_pb_row][et_pb_row column_structure=\u00bb1_2,1_2&#8243; make_equal=\u00bbon\u00bb _builder_version=\u00bb3.27.4&#8243; background_color=\u00bbrgba(0,0,0,0)\u00bb width=\u00bb100%\u00bb custom_margin=\u00bb||||false|false\u00bb custom_padding=\u00bb0px||3px||false|false\u00bb _i=\u00bb1&#8243; _address=\u00bb1.1&#8243;][et_pb_column type=\u00bb1_2&#8243; _builder_version=\u00bb3.26.3&#8243; custom_padding=\u00bb||||false|false\u00bb _i=\u00bb0&#8243; _address=\u00bb1.1.0&#8243;][et_pb_text admin_label=\u00bbTexto\u00bb _builder_version=\u00bb3.27.4&#8243; text_font=\u00bbParaType BT|700|||||||\u00bb text_font_size=\u00bb22px\u00bb custom_margin=\u00bb50px||||false|false\u00bb custom_padding=\u00bb|10%||10%|false|false\u00bb _i=\u00bb0&#8243; _address=\u00bb1.1.0.0&#8243;]Cultivo[\/et_pb_text][et_pb_text _builder_version=\u00bb3.29.3&#8243; text_font=\u00bbEuphemia CAS||||||||\u00bb text_font_size=\u00bb16px\u00bb text_line_height=\u00bb1.8em\u00bb text_orientation=\u00bbjustify\u00bb custom_margin=\u00bb0px||10%||false|false\u00bb custom_padding=\u00bb|10%||10%|false|false\u00bb text_text_align=\u00bbjustify\u00bb _i=\u00bb1&#8243; _address=\u00bb1.1.0.1&#8243;]En Mas d\u00e9n More se realiza un cultivo ecol\u00f3gico y tradicional, respetando los ciclos naturales y meteorol\u00f3gicos. Cultivamos en terrazas y vendimiamos a mano. Tenemos un constante control y observaci\u00f3n en el campo.  Nuestro en\u00f3logo, Jordi Torrella, es un elemento sustancial, ya que logra fusionar la personalidad de Los Mores con la extraordinaria complejidad de los vinos Priorat.[\/et_pb_text][et_pb_text _builder_version=\u00bb3.27.4&#8243; _i=\u00bb2&#8243; _address=\u00bb1.1.0.2&#8243;][\/et_pb_text][\/et_pb_column][et_pb_column type=\u00bb1_2&#8243; _builder_version=\u00bb3.27.4&#8243; background_image=\u00bbhttps:\/\/losmores.es\/wp-content\/uploads\/2019\/09\/Imageo.jpg\u00bb custom_padding=\u00bb35%||||false|false\u00bb custom_padding_tablet=\u00bb50%||||false|false\u00bb custom_padding_phone=\u00bb50%||||false|false\u00bb custom_padding_last_edited=\u00bbon|tablet\u00bb _i=\u00bb1&#8243; _address=\u00bb1.1.1&#8243;][\/et_pb_column][\/et_pb_row][\/et_pb_section][et_pb_section fb_built=\u00bb1&#8243; custom_padding_last_edited=\u00bbon|phone\u00bb _builder_version=\u00bb3.26.5&#8243; background_image=\u00bbhttps:\/\/losmores.es\/wp-content\/uploads\/2019\/08\/bg-blanco-y-negro.jpg\u00bb background_size=\u00bbcontain\u00bb background_repeat=\u00bbrepeat-x\u00bb custom_margin=\u00bb0px|0px|0px|0px|false|false\u00bb custom_margin_phone=\u00bb0px|0px|0px|0px|false|false\u00bb custom_margin_last_edited=\u00bboff|phone\u00bb custom_padding=\u00bb60px|0px|0px|0px|false|false\u00bb custom_padding_phone=\u00bb30px||||false|false\u00bb global_module=\u00bb28071&#8243; saved_tabs=\u00bball\u00bb fb_built=\u00bb1&#8243; _i=\u00bb3&#8243; _address=\u00bb3&#8243;][\/et_pb_section]<\/p>\n","protected":false},"excerpt":{"rendered":"<p>Vi\u00f1edo Mas d\u2019en MoreSierra de MontsantNuestro predio se encuentra ubicado en un lugar privilegiado en la comarca del Priorat, con vistas panor\u00e1micas y espectaculares a la imponente Sierra de Montsant. Mas d\u00b4en More posee una extensi\u00f3n boscosa de 23 hect\u00e1reas y cultiva 2.29 hect\u00e1reas de garnacha tinta. Alrededor de 10,000 vides activas, con una antig\u00fcedad [&hellip;]<\/p>\n","protected":false},"author":1,"featured_media":0,"parent":0,"menu_order":0,"comment_status":"closed","ping_status":"closed","template":"","meta":{"_et_pb_use_builder":"on","_et_pb_old_content":"[vc_row css_animation=\"\" row_type=\"row\" use_row_as_full_screen_section=\"no\" type=\"full_width\" angled_section=\"no\" text_align=\"left\" background_image_as_pattern=\"without_pattern\" z_index=\"\" el_id=\"elvino\" css=\".vc_custom_1562743869067{padding-top: 100px !important;}\"][vc_column][layerslider_vc id=\"8\"][vc_column_text][\/vc_column_text][\/vc_column][\/vc_row][vc_row css_animation=\"\" row_type=\"row\" use_row_as_full_screen_section=\"no\" type=\"full_width\" angled_section=\"no\" text_align=\"left\" background_image_as_pattern=\"without_pattern\" css=\".vc_custom_1562741434835{margin-right: 10px !important;padding-right: 10px !important;}\" z_index=\"\"][vc_column css=\".vc_custom_1562047559800{margin-right: 10px !important;border-right-width: 10px !important;}\"][vc_column_text]\n<h2 style=\"text-align: center;\">Productos<\/h2>\n[\/vc_column_text][vc_row_inner row_type=\"row\" type=\"full_width\" text_align=\"left\" css_animation=\"\" css=\".vc_custom_1562047089993{padding-top: 50px !important;}\"][vc_column_inner css=\".vc_custom_1562047407633{margin-right: 20px !important;margin-left: 20px !important;}\"][products columns=\"4\" orderby=\"title\" order=\"ASC\" ids=\"\"][\/vc_column_inner][\/vc_row_inner][\/vc_column][\/vc_row][vc_row css_animation=\"\" row_type=\"row\" use_row_as_full_screen_section=\"no\" type=\"full_width\" angled_section=\"no\" text_align=\"left\" background_image_as_pattern=\"without_pattern\" css=\".vc_custom_1512644404944{padding-top: 53px !important;}\" z_index=\"\"][vc_column][qode_cards_slider][qode_cards_slider_item active_middle_slide=\"true\" center_slider=\"no\" border_radius=\"no\" hover_animation=\"no\" show_bullets=\"no\" images=\"681,679,676,678,677,680,675\"][\/qode_cards_slider][\/vc_column][\/vc_row][vc_row css_animation=\"\" row_type=\"row\" use_row_as_full_screen_section=\"no\" type=\"full_width\" angled_section=\"no\" text_align=\"left\" background_image_as_pattern=\"without_pattern\"][vc_column][vc_empty_space height=\"100px\"][\/vc_column][\/vc_row]","_et_gb_content_width":"","footnotes":""},"class_list":["post-1388","page","type-page","status-publish","hentry"],"jetpack_sharing_enabled":true,"_links":{"self":[{"href":"https:\/\/losmores.es\/en\/wp-json\/wp\/v2\/pages\/1388","targetHints":{"allow":["GET"]}}],"collection":[{"href":"https:\/\/losmores.es\/en\/wp-json\/wp\/v2\/pages"}],"about":[{"href":"https:\/\/losmores.es\/en\/wp-json\/wp\/v2\/types\/page"}],"author":[{"embeddable":true,"href":"https:\/\/losmores.es\/en\/wp-json\/wp\/v2\/users\/1"}],"replies":[{"embeddable":true,"href":"https:\/\/losmores.es\/en\/wp-json\/wp\/v2\/comments?post=1388"}],"version-history":[{"count":89,"href":"https:\/\/losmores.es\/en\/wp-json\/wp\/v2\/pages\/1388\/revisions"}],"predecessor-version":[{"id":30155,"href":"https:\/\/losmores.es\/en\/wp-json\/wp\/v2\/pages\/1388\/revisions\/30155"}],"wp:attachment":[{"href":"https:\/\/losmores.es\/en\/wp-json\/wp\/v2\/media?parent=1388"}],"curies":[{"name":"wp","href":"https:\/\/api.w.org\/{rel}","templated":true}]}}